{"id":139,"date":"2021-06-01T17:14:47","date_gmt":"2021-06-01T15:14:47","guid":{"rendered":"https:\/\/www.bamida.sk\/?page_id=139"},"modified":"2025-11-07T11:23:23","modified_gmt":"2025-11-07T10:23:23","slug":"autoplachty","status":"publish","type":"page","link":"https:\/\/www.bamida.sk\/de\/sluzba\/autoplachty\/","title":{"rendered":"Fahrzeugplanen"},"content":{"rendered":"<div data-elementor-type=\"wp-page\" data-elementor-id=\"139\" class=\"elementor elementor-139\" data-elementor-post-type=\"page\">\n\t\t\t\t\t\t<section class=\"elementor-section elementor-top-section elementor-element elementor-element-aa74992 elementor-section-full_width elementor-section-height-default elementor-section-height-default\" data-id=\"aa74992\" data-element_type=\"section\" data-e-type=\"section\">\n\t\t\t\t\t\t<div class=\"elementor-container elementor-column-gap-default\">\n\t\t\t\t\t<div class=\"elementor-column elementor-col-100 elementor-top-column elementor-element elementor-element-0a922ff\" data-id=\"0a922ff\" data-element_type=\"column\" data-e-type=\"column\">\n\t\t\t<div class=\"elementor-widget-wrap elementor-element-populated\">\n\t\t\t\t\t\t<div class=\"elementor-element elementor-element-db47242 elementor-widget elementor-widget-shortcode\" data-id=\"db47242\" data-element_type=\"widget\" data-e-type=\"widget\" data-widget_type=\"shortcode.default\">\n\t\t\t\t<div class=\"elementor-widget-container\">\n\t\t\t\t\t\t\t<div class=\"elementor-shortcode\">\t\t<div data-elementor-type=\"section\" data-elementor-id=\"286\" class=\"elementor elementor-286\" data-elementor-post-type=\"elementor_library\">\n\t\t\t\t\t<section class=\"elementor-section elementor-top-section elementor-element elementor-element-06d1374 elementor-section-height-min-height elementor-section-boxed elementor-section-height-default elementor-section-items-middle\" data-id=\"06d1374\" data-element_type=\"section\" data-e-type=\"section\" data-settings=\"{&quot;background_background&quot;:&quot;classic&quot;}\">\n\t\t\t\t\t\t\t<div class=\"elementor-background-overlay\"><\/div>\n\t\t\t\t\t\t\t<div class=\"elementor-container elementor-column-gap-default\">\n\t\t\t\t\t<div class=\"elementor-column elementor-col-100 elementor-top-column elementor-element elementor-element-2310342\" data-id=\"2310342\" data-element_type=\"column\" data-e-type=\"column\">\n\t\t\t<div class=\"elementor-widget-wrap elementor-element-populated\">\n\t\t\t\t\t\t<div class=\"elementor-element elementor-element-735cfe1 elementor-widget-divider--view-line elementor-widget elementor-widget-divider\" data-id=\"735cfe1\" data-element_type=\"widget\" data-e-type=\"widget\" data-widget_type=\"divider.default\">\n\t\t\t\t<div class=\"elementor-widget-container\">\n\t\t\t\t\t\t\t<div class=\"elementor-divider\">\n\t\t\t<span class=\"elementor-divider-separator\">\n\t\t\t\t\t\t<\/span>\n\t\t<\/div>\n\t\t\t\t\t\t<\/div>\n\t\t\t\t<\/div>\n\t\t\t\t\t<\/div>\n\t\t<\/div>\n\t\t\t\t\t<\/div>\n\t\t<\/section>\n\t\t\t\t<\/div>\n\t\t<\/div>\n\t\t\t\t\t\t<\/div>\n\t\t\t\t<\/div>\n\t\t\t\t\t<\/div>\n\t\t<\/div>\n\t\t\t\t\t<\/div>\n\t\t<\/section>\n\t\t\t\t<section class=\"elementor-section elementor-top-section elementor-element elementor-element-9e9108a elementor-section-boxed elementor-section-height-default elementor-section-height-default\" data-id=\"9e9108a\" data-element_type=\"section\" data-e-type=\"section\">\n\t\t\t\t\t\t<div class=\"elementor-container elementor-column-gap-default\">\n\t\t\t\t\t<div class=\"elementor-column elementor-col-100 elementor-top-column elementor-element elementor-element-e67ad24\" data-id=\"e67ad24\" data-element_type=\"column\" data-e-type=\"column\">\n\t\t\t<div class=\"elementor-widget-wrap elementor-element-populated\">\n\t\t\t\t\t\t<div class=\"elementor-element elementor-element-08319b0 elementor-widget elementor-widget-heading\" data-id=\"08319b0\" data-element_type=\"widget\" data-e-type=\"widget\" data-widget_type=\"heading.default\">\n\t\t\t\t<div class=\"elementor-widget-container\">\n\t\t\t\t\t<h2 class=\"elementor-heading-title elementor-size-default\">Fahrzeugplanen<\/h2>\t\t\t\t<\/div>\n\t\t\t\t<\/div>\n\t\t\t\t<div class=\"elementor-element elementor-element-310214d elementor-widget elementor-widget-text-editor\" data-id=\"310214d\" data-element_type=\"widget\" data-e-type=\"widget\" data-widget_type=\"text-editor.default\">\n\t\t\t\t<div class=\"elementor-widget-container\">\n\t\t\t\t\t\t\t\t\t<p data-start=\"118\" data-end=\"321\">Zabezpe\u010dujeme\u00a0<strong data-start=\"337\" data-end=\"386\">v\u00fdrobu, mont\u00e1\u017e, servis aj opravy autoplachiet<\/strong>, vr\u00e1tane\u00a0<strong data-start=\"396\" data-end=\"421\">predaja pr\u00edslu\u0161enstva<\/strong>.<\/p><p data-start=\"323\" data-end=\"508\">Pou\u017e\u00edvame\u00a0<strong data-start=\"435\" data-end=\"463\">vysokokvalitn\u00e9 materi\u00e1ly<\/strong>\u00a0a pon\u00fakame aj\u00a0<strong data-start=\"478\" data-end=\"505\">potla\u010d reklamy na mieru<\/strong>.<\/p>\t\t\t\t\t\t\t\t<\/div>\n\t\t\t\t<\/div>\n\t\t\t\t<div class=\"elementor-element elementor-element-a3ee9c9 elementor-widget elementor-widget-heading\" data-id=\"a3ee9c9\" data-element_type=\"widget\" data-e-type=\"widget\" data-widget_type=\"heading.default\">\n\t\t\t\t<div class=\"elementor-widget-container\">\n\t\t\t\t\t<h2 class=\"elementor-heading-title elementor-size-default\">Galerie<\/h2>\t\t\t\t<\/div>\n\t\t\t\t<\/div>\n\t\t\t\t<div class=\"elementor-element elementor-element-01d8409 elementor-widget elementor-widget-gallery\" data-id=\"01d8409\" data-element_type=\"widget\" data-e-type=\"widget\" data-settings=\"{&quot;columns&quot;:2,&quot;lazyload&quot;:&quot;yes&quot;,&quot;gallery_layout&quot;:&quot;grid&quot;,&quot;columns_tablet&quot;:2,&quot;columns_mobile&quot;:1,&quot;gap&quot;:{&quot;unit&quot;:&quot;px&quot;,&quot;size&quot;:10,&quot;sizes&quot;:[]},&quot;gap_tablet&quot;:{&quot;unit&quot;:&quot;px&quot;,&quot;size&quot;:10,&quot;sizes&quot;:[]},&quot;gap_mobile&quot;:{&quot;unit&quot;:&quot;px&quot;,&quot;size&quot;:10,&quot;sizes&quot;:[]},&quot;link_to&quot;:&quot;file&quot;,&quot;aspect_ratio&quot;:&quot;3:2&quot;,&quot;overlay_background&quot;:&quot;yes&quot;,&quot;content_hover_animation&quot;:&quot;fade-in&quot;}\" data-widget_type=\"gallery.default\">\n\t\t\t\t<div class=\"elementor-widget-container\">\n\t\t\t\t\t\t\t<div class=\"elementor-gallery__container\">\n\t\t\t\t\t\t\t<a class=\"e-gallery-item elementor-gallery-item elementor-animated-content\" href=\"https:\/\/www.bamida.sk\/wp-content\/uploads\/2025\/11\/IMG_9744-scaled.jpg\" data-elementor-open-lightbox=\"yes\" data-elementor-lightbox-slideshow=\"01d8409\" data-elementor-lightbox-title=\"IMG_9744\" data-e-action-hash=\"#elementor-action%3Aaction%3Dlightbox%26settings%3DeyJpZCI6MjE2MSwidXJsIjoiaHR0cHM6XC9cL3d3dy5iYW1pZGEuc2tcL3dwLWNvbnRlbnRcL3VwbG9hZHNcLzIwMjVcLzExXC9JTUdfOTc0NC1zY2FsZWQuanBnIiwic2xpZGVzaG93IjoiMDFkODQwOSJ9\">\n\t\t\t\t\t<div class=\"e-gallery-image elementor-gallery-item__image\" data-thumbnail=\"https:\/\/www.bamida.sk\/wp-content\/uploads\/2025\/11\/IMG_9744-scaled.jpg\" data-width=\"2560\" data-height=\"1920\" aria-label=\"\" role=\"img\" ><\/div>\n\t\t\t\t\t\t\t\t\t\t\t<div class=\"elementor-gallery-item__overlay\"><\/div>\n\t\t\t\t\t\t\t\t\t\t\t\t\t\t<\/a>\n\t\t\t\t\t\t\t<a class=\"e-gallery-item elementor-gallery-item elementor-animated-content\" href=\"https:\/\/www.bamida.sk\/wp-content\/uploads\/2025\/11\/20220211_142501.jpg\" data-elementor-open-lightbox=\"yes\" data-elementor-lightbox-slideshow=\"01d8409\" data-elementor-lightbox-title=\"20220211_142501\" data-e-action-hash=\"#elementor-action%3Aaction%3Dlightbox%26settings%3DeyJpZCI6MjE1OSwidXJsIjoiaHR0cHM6XC9cL3d3dy5iYW1pZGEuc2tcL3dwLWNvbnRlbnRcL3VwbG9hZHNcLzIwMjVcLzExXC8yMDIyMDIxMV8xNDI1MDEuanBnIiwic2xpZGVzaG93IjoiMDFkODQwOSJ9\">\n\t\t\t\t\t<div class=\"e-gallery-image elementor-gallery-item__image\" data-thumbnail=\"https:\/\/www.bamida.sk\/wp-content\/uploads\/2025\/11\/20220211_142501.jpg\" data-width=\"1640\" data-height=\"1230\" aria-label=\"\" role=\"img\" ><\/div>\n\t\t\t\t\t\t\t\t\t\t\t<div class=\"elementor-gallery-item__overlay\"><\/div>\n\t\t\t\t\t\t\t\t\t\t\t\t\t\t<\/a>\n\t\t\t\t\t\t\t<a class=\"e-gallery-item elementor-gallery-item elementor-animated-content\" href=\"https:\/\/www.bamida.sk\/wp-content\/uploads\/2024\/03\/AUTOPLACHTA.jpg\" data-elementor-open-lightbox=\"yes\" data-elementor-lightbox-slideshow=\"01d8409\" data-elementor-lightbox-title=\"AUTOPLACHTA\" data-e-action-hash=\"#elementor-action%3Aaction%3Dlightbox%26settings%3DeyJpZCI6MTg0NiwidXJsIjoiaHR0cHM6XC9cL3d3dy5iYW1pZGEuc2tcL3dwLWNvbnRlbnRcL3VwbG9hZHNcLzIwMjRcLzAzXC9BVVRPUExBQ0hUQS5qcGciLCJzbGlkZXNob3ciOiIwMWQ4NDA5In0%3D\">\n\t\t\t\t\t<div class=\"e-gallery-image elementor-gallery-item__image\" data-thumbnail=\"https:\/\/www.bamida.sk\/wp-content\/uploads\/2024\/03\/AUTOPLACHTA.jpg\" data-width=\"1297\" data-height=\"847\" aria-label=\"\" role=\"img\" ><\/div>\n\t\t\t\t\t\t\t\t\t\t\t<div class=\"elementor-gallery-item__overlay\"><\/div>\n\t\t\t\t\t\t\t\t\t\t\t\t\t\t<\/a>\n\t\t\t\t\t\t\t<a class=\"e-gallery-item elementor-gallery-item elementor-animated-content\" href=\"https:\/\/www.bamida.sk\/wp-content\/uploads\/2021\/07\/20210226_152726-min-scaled.jpg\" data-elementor-open-lightbox=\"yes\" data-elementor-lightbox-slideshow=\"01d8409\" data-elementor-lightbox-title=\"20210226_152726-min\" data-e-action-hash=\"#elementor-action%3Aaction%3Dlightbox%26settings%3DeyJpZCI6OTg4LCJ1cmwiOiJodHRwczpcL1wvd3d3LmJhbWlkYS5za1wvd3AtY29udGVudFwvdXBsb2Fkc1wvMjAyMVwvMDdcLzIwMjEwMjI2XzE1MjcyNi1taW4tc2NhbGVkLmpwZyIsInNsaWRlc2hvdyI6IjAxZDg0MDkifQ%3D%3D\">\n\t\t\t\t\t<div class=\"e-gallery-image elementor-gallery-item__image\" data-thumbnail=\"https:\/\/www.bamida.sk\/wp-content\/uploads\/2021\/07\/20210226_152726-min-scaled.jpg\" data-width=\"2560\" data-height=\"1920\" aria-label=\"\" role=\"img\" ><\/div>\n\t\t\t\t\t\t\t\t\t\t\t<div class=\"elementor-gallery-item__overlay\"><\/div>\n\t\t\t\t\t\t\t\t\t\t\t\t\t\t<\/a>\n\t\t\t\t\t\t\t<a class=\"e-gallery-item elementor-gallery-item elementor-animated-content\" href=\"https:\/\/www.bamida.sk\/wp-content\/uploads\/2021\/07\/ss-min-scaled.jpg\" data-elementor-open-lightbox=\"yes\" data-elementor-lightbox-slideshow=\"01d8409\" data-elementor-lightbox-title=\"ss-min\" data-e-action-hash=\"#elementor-action%3Aaction%3Dlightbox%26settings%3DeyJpZCI6OTgwLCJ1cmwiOiJodHRwczpcL1wvd3d3LmJhbWlkYS5za1wvd3AtY29udGVudFwvdXBsb2Fkc1wvMjAyMVwvMDdcL3NzLW1pbi1zY2FsZWQuanBnIiwic2xpZGVzaG93IjoiMDFkODQwOSJ9\">\n\t\t\t\t\t<div class=\"e-gallery-image elementor-gallery-item__image\" data-thumbnail=\"https:\/\/www.bamida.sk\/wp-content\/uploads\/2021\/07\/ss-min-scaled.jpg\" data-width=\"2560\" data-height=\"1152\" aria-label=\"\" role=\"img\" ><\/div>\n\t\t\t\t\t\t\t\t\t\t\t<div class=\"elementor-gallery-item__overlay\"><\/div>\n\t\t\t\t\t\t\t\t\t\t\t\t\t\t<\/a>\n\t\t\t\t\t\t\t<a class=\"e-gallery-item elementor-gallery-item elementor-animated-content\" href=\"https:\/\/www.bamida.sk\/wp-content\/uploads\/2021\/06\/5d48a332a3f14899773224.jpg\" data-elementor-open-lightbox=\"yes\" data-elementor-lightbox-slideshow=\"01d8409\" data-elementor-lightbox-title=\"5d48a332a3f14899773224\" data-e-action-hash=\"#elementor-action%3Aaction%3Dlightbox%26settings%3DeyJpZCI6Mzk5LCJ1cmwiOiJodHRwczpcL1wvd3d3LmJhbWlkYS5za1wvd3AtY29udGVudFwvdXBsb2Fkc1wvMjAyMVwvMDZcLzVkNDhhMzMyYTNmMTQ4OTk3NzMyMjQuanBnIiwic2xpZGVzaG93IjoiMDFkODQwOSJ9\">\n\t\t\t\t\t<div class=\"e-gallery-image elementor-gallery-item__image\" data-thumbnail=\"https:\/\/www.bamida.sk\/wp-content\/uploads\/2021\/06\/5d48a332a3f14899773224.jpg\" data-width=\"1920\" data-height=\"1080\" aria-label=\"\" role=\"img\" ><\/div>\n\t\t\t\t\t\t\t\t\t\t\t<div class=\"elementor-gallery-item__overlay\"><\/div>\n\t\t\t\t\t\t\t\t\t\t\t\t\t\t<\/a>\n\t\t\t\t\t\t\t<a class=\"e-gallery-item elementor-gallery-item elementor-animated-content\" href=\"https:\/\/www.bamida.sk\/wp-content\/uploads\/2025\/11\/IMG-9035-scaled.jpg\" data-elementor-open-lightbox=\"yes\" data-elementor-lightbox-slideshow=\"01d8409\" data-elementor-lightbox-title=\"IMG-9035\" data-e-action-hash=\"#elementor-action%3Aaction%3Dlightbox%26settings%3DeyJpZCI6MjE3NCwidXJsIjoiaHR0cHM6XC9cL3d3dy5iYW1pZGEuc2tcL3dwLWNvbnRlbnRcL3VwbG9hZHNcLzIwMjVcLzExXC9JTUctOTAzNS1zY2FsZWQuanBnIiwic2xpZGVzaG93IjoiMDFkODQwOSJ9\">\n\t\t\t\t\t<div class=\"e-gallery-image elementor-gallery-item__image\" data-thumbnail=\"https:\/\/www.bamida.sk\/wp-content\/uploads\/2025\/11\/IMG-9035-scaled.jpg\" data-width=\"2560\" data-height=\"1920\" aria-label=\"\" role=\"img\" ><\/div>\n\t\t\t\t\t\t\t\t\t\t\t<div class=\"elementor-gallery-item__overlay\"><\/div>\n\t\t\t\t\t\t\t\t\t\t\t\t\t\t<\/a>\n\t\t\t\t\t\t\t<a class=\"e-gallery-item elementor-gallery-item elementor-animated-content\" href=\"https:\/\/www.bamida.sk\/wp-content\/uploads\/2025\/11\/IMG-9038-scaled.jpg\" data-elementor-open-lightbox=\"yes\" data-elementor-lightbox-slideshow=\"01d8409\" data-elementor-lightbox-title=\"IMG-9038\" data-e-action-hash=\"#elementor-action%3Aaction%3Dlightbox%26settings%3DeyJpZCI6MjE3NSwidXJsIjoiaHR0cHM6XC9cL3d3dy5iYW1pZGEuc2tcL3dwLWNvbnRlbnRcL3VwbG9hZHNcLzIwMjVcLzExXC9JTUctOTAzOC1zY2FsZWQuanBnIiwic2xpZGVzaG93IjoiMDFkODQwOSJ9\">\n\t\t\t\t\t<div class=\"e-gallery-image elementor-gallery-item__image\" data-thumbnail=\"https:\/\/www.bamida.sk\/wp-content\/uploads\/2025\/11\/IMG-9038-scaled.jpg\" data-width=\"2560\" data-height=\"1920\" aria-label=\"\" role=\"img\" ><\/div>\n\t\t\t\t\t\t\t\t\t\t\t<div class=\"elementor-gallery-item__overlay\"><\/div>\n\t\t\t\t\t\t\t\t\t\t\t\t\t\t<\/a>\n\t\t\t\t\t\t\t<a class=\"e-gallery-item elementor-gallery-item elementor-animated-content\" href=\"https:\/\/www.bamida.sk\/wp-content\/uploads\/2025\/11\/IMG_20250210_134938052-scaled.jpg\" data-elementor-open-lightbox=\"yes\" data-elementor-lightbox-slideshow=\"01d8409\" data-elementor-lightbox-title=\"IMG_20250210_134938052\" data-e-action-hash=\"#elementor-action%3Aaction%3Dlightbox%26settings%3DeyJpZCI6MjE3NiwidXJsIjoiaHR0cHM6XC9cL3d3dy5iYW1pZGEuc2tcL3dwLWNvbnRlbnRcL3VwbG9hZHNcLzIwMjVcLzExXC9JTUdfMjAyNTAyMTBfMTM0OTM4MDUyLXNjYWxlZC5qcGciLCJzbGlkZXNob3ciOiIwMWQ4NDA5In0%3D\">\n\t\t\t\t\t<div class=\"e-gallery-image elementor-gallery-item__image\" data-thumbnail=\"https:\/\/www.bamida.sk\/wp-content\/uploads\/2025\/11\/IMG_20250210_134938052-scaled.jpg\" data-width=\"2560\" data-height=\"1152\" aria-label=\"\" role=\"img\" ><\/div>\n\t\t\t\t\t\t\t\t\t\t\t<div class=\"elementor-gallery-item__overlay\"><\/div>\n\t\t\t\t\t\t\t\t\t\t\t\t\t\t<\/a>\n\t\t\t\t\t\t\t<a class=\"e-gallery-item elementor-gallery-item elementor-animated-content\" href=\"https:\/\/www.bamida.sk\/wp-content\/uploads\/2025\/11\/20230814_162027-scaled.jpg\" data-elementor-open-lightbox=\"yes\" data-elementor-lightbox-slideshow=\"01d8409\" data-elementor-lightbox-title=\"20230814_162027\" data-e-action-hash=\"#elementor-action%3Aaction%3Dlightbox%26settings%3DeyJpZCI6MjE3NywidXJsIjoiaHR0cHM6XC9cL3d3dy5iYW1pZGEuc2tcL3dwLWNvbnRlbnRcL3VwbG9hZHNcLzIwMjVcLzExXC8yMDIzMDgxNF8xNjIwMjctc2NhbGVkLmpwZyIsInNsaWRlc2hvdyI6IjAxZDg0MDkifQ%3D%3D\">\n\t\t\t\t\t<div class=\"e-gallery-image elementor-gallery-item__image\" data-thumbnail=\"https:\/\/www.bamida.sk\/wp-content\/uploads\/2025\/11\/20230814_162027-scaled.jpg\" data-width=\"2560\" data-height=\"1920\" aria-label=\"\" role=\"img\" ><\/div>\n\t\t\t\t\t\t\t\t\t\t\t<div class=\"elementor-gallery-item__overlay\"><\/div>\n\t\t\t\t\t\t\t\t\t\t\t\t\t\t<\/a>\n\t\t\t\t\t\t\t<a class=\"e-gallery-item elementor-gallery-item elementor-animated-content\" href=\"https:\/\/www.bamida.sk\/wp-content\/uploads\/2025\/11\/20230603_110558-scaled.jpg\" data-elementor-open-lightbox=\"yes\" data-elementor-lightbox-slideshow=\"01d8409\" data-elementor-lightbox-title=\"20230603_110558\" data-e-action-hash=\"#elementor-action%3Aaction%3Dlightbox%26settings%3DeyJpZCI6MjE3OCwidXJsIjoiaHR0cHM6XC9cL3d3dy5iYW1pZGEuc2tcL3dwLWNvbnRlbnRcL3VwbG9hZHNcLzIwMjVcLzExXC8yMDIzMDYwM18xMTA1NTgtc2NhbGVkLmpwZyIsInNsaWRlc2hvdyI6IjAxZDg0MDkifQ%3D%3D\">\n\t\t\t\t\t<div class=\"e-gallery-image elementor-gallery-item__image\" data-thumbnail=\"https:\/\/www.bamida.sk\/wp-content\/uploads\/2025\/11\/20230603_110558-scaled.jpg\" data-width=\"2560\" data-height=\"1920\" aria-label=\"\" role=\"img\" ><\/div>\n\t\t\t\t\t\t\t\t\t\t\t<div class=\"elementor-gallery-item__overlay\"><\/div>\n\t\t\t\t\t\t\t\t\t\t\t\t\t\t<\/a>\n\t\t\t\t\t\t\t<a class=\"e-gallery-item elementor-gallery-item elementor-animated-content\" href=\"https:\/\/www.bamida.sk\/wp-content\/uploads\/2025\/11\/image0-scaled.jpeg\" data-elementor-open-lightbox=\"yes\" data-elementor-lightbox-slideshow=\"01d8409\" data-elementor-lightbox-title=\"image0\" data-e-action-hash=\"#elementor-action%3Aaction%3Dlightbox%26settings%3DeyJpZCI6MjE3OSwidXJsIjoiaHR0cHM6XC9cL3d3dy5iYW1pZGEuc2tcL3dwLWNvbnRlbnRcL3VwbG9hZHNcLzIwMjVcLzExXC9pbWFnZTAtc2NhbGVkLmpwZWciLCJzbGlkZXNob3ciOiIwMWQ4NDA5In0%3D\">\n\t\t\t\t\t<div class=\"e-gallery-image elementor-gallery-item__image\" data-thumbnail=\"https:\/\/www.bamida.sk\/wp-content\/uploads\/2025\/11\/image0-scaled.jpeg\" data-width=\"2560\" data-height=\"1920\" aria-label=\"\" role=\"img\" ><\/div>\n\t\t\t\t\t\t\t\t\t\t\t<div class=\"elementor-gallery-item__overlay\"><\/div>\n\t\t\t\t\t\t\t\t\t\t\t\t\t\t<\/a>\n\t\t\t\t\t<\/div>\n\t\t\t\t\t<\/div>\n\t\t\t\t<\/div>\n\t\t\t\t\t<\/div>\n\t\t<\/div>\n\t\t\t\t\t<\/div>\n\t\t<\/section>\n\t\t\t\t<\/div>","protected":false},"excerpt":{"rendered":"<p>Autoplachty Zabezpe\u010dujeme\u00a0v\u00fdrobu, mont\u00e1\u017e, servis aj opravy autoplachiet, vr\u00e1tane\u00a0predaja pr\u00edslu\u0161enstva. Pou\u017e\u00edvame\u00a0vysokokvalitn\u00e9 materi\u00e1ly\u00a0a pon\u00fakame aj\u00a0potla\u010d reklamy na mieru. Gal\u00e9ria<\/p>","protected":false},"author":1,"featured_media":0,"parent":198,"menu_order":0,"comment_status":"closed","ping_status":"closed","template":"","meta":{"inline_featured_image":false,"site-sidebar-layout":"no-sidebar","site-content-layout":"page-builder","ast-site-content-layout":"default","site-content-style":"default","site-sidebar-style":"default","ast-global-header-display":"","ast-banner-title-visibility":"","ast-main-header-display":"","ast-hfb-above-header-display":"","ast-hfb-below-header-display":"","ast-hfb-mobile-header-display":"","site-post-title":"disabled","ast-breadcrumbs-content":"","ast-featured-img":"disabled","footer-sml-layout":"","ast-disable-related-posts":"","theme-transparent-header-meta":"default","adv-header-id-meta":"","stick-header-meta":"","header-above-stick-meta":"","header-main-stick-meta":"","header-below-stick-meta":"","astra-migrate-meta-layouts":"default","ast-page-background-enabled":"default","ast-page-background-meta":{"desktop":{"background-color":"","background-image":"","background-repeat":"repeat","background-position":"center center","background-size":"auto","background-attachment":"scroll","background-type":"","background-media":"","overlay-type":"","overlay-color":"","overlay-opacity":"","overlay-gradient":""},"tablet":{"background-color":"","background-image":"","background-repeat":"repeat","background-position":"center center","background-size":"auto","background-attachment":"scroll","background-type":"","background-media":"","overlay-type":"","overlay-color":"","overlay-opacity":"","overlay-gradient":""},"mobile":{"background-color":"","background-image":"","background-repeat":"repeat","background-position":"center center","background-size":"auto","background-attachment":"scroll","background-type":"","background-media":"","overlay-type":"","overlay-color":"","overlay-opacity":"","overlay-gradient":""}},"ast-content-background-meta":{"desktop":{"background-color":"var(--ast-global-color-5)","background-image":"","background-repeat":"repeat","background-position":"center center","background-size":"auto","background-attachment":"scroll","background-type":"","background-media":"","overlay-type":"","overlay-color":"","overlay-opacity":"","overlay-gradient":""},"tablet":{"background-color":"var(--ast-global-color-5)","background-image":"","background-repeat":"repeat","background-position":"center center","background-size":"auto","background-attachment":"scroll","background-type":"","background-media":"","overlay-type":"","overlay-color":"","overlay-opacity":"","overlay-gradient":""},"mobile":{"background-color":"var(--ast-global-color-5)","background-image":"","background-repeat":"repeat","background-position":"center center","background-size":"auto","background-attachment":"scroll","background-type":"","background-media":"","overlay-type":"","overlay-color":"","overlay-opacity":"","overlay-gradient":""}},"iawp_total_views":1092,"footnotes":""},"class_list":["post-139","page","type-page","status-publish","hentry"],"_links":{"self":[{"href":"https:\/\/www.bamida.sk\/de\/wp-json\/wp\/v2\/pages\/139","targetHints":{"allow":["GET"]}}],"collection":[{"href":"https:\/\/www.bamida.sk\/de\/wp-json\/wp\/v2\/pages"}],"about":[{"href":"https:\/\/www.bamida.sk\/de\/wp-json\/wp\/v2\/types\/page"}],"author":[{"embeddable":true,"href":"https:\/\/www.bamida.sk\/de\/wp-json\/wp\/v2\/users\/1"}],"replies":[{"embeddable":true,"href":"https:\/\/www.bamida.sk\/de\/wp-json\/wp\/v2\/comments?post=139"}],"version-history":[{"count":10,"href":"https:\/\/www.bamida.sk\/de\/wp-json\/wp\/v2\/pages\/139\/revisions"}],"predecessor-version":[{"id":2182,"href":"https:\/\/www.bamida.sk\/de\/wp-json\/wp\/v2\/pages\/139\/revisions\/2182"}],"up":[{"embeddable":true,"href":"https:\/\/www.bamida.sk\/de\/wp-json\/wp\/v2\/pages\/198"}],"wp:attachment":[{"href":"https:\/\/www.bamida.sk\/de\/wp-json\/wp\/v2\/media?parent=139"}],"curies":[{"name":"wp","href":"https:\/\/api.w.org\/{rel}","templated":true}]}}