{"id":151,"date":"2021-06-01T17:18:36","date_gmt":"2021-06-01T15:18:36","guid":{"rendered":"https:\/\/www.bamida.sk\/?page_id=151"},"modified":"2021-07-19T11:25:34","modified_gmt":"2021-07-19T09:25:34","slug":"letne-terasy","status":"publish","type":"page","link":"https:\/\/www.bamida.sk\/de\/sluzba\/letne-terasy\/","title":{"rendered":"Sommerterassen"},"content":{"rendered":"<div data-elementor-type=\"wp-page\" data-elementor-id=\"151\" class=\"elementor elementor-151\" data-elementor-post-type=\"page\">\n\t\t\t\t\t\t<section class=\"elementor-section elementor-top-section elementor-element elementor-element-eee808d elementor-section-full_width elementor-section-height-default elementor-section-height-default\" data-id=\"eee808d\" data-element_type=\"section\" data-e-type=\"section\">\n\t\t\t\t\t\t<div class=\"elementor-container elementor-column-gap-default\">\n\t\t\t\t\t<div class=\"elementor-column elementor-col-100 elementor-top-column elementor-element elementor-element-3c5bc28\" data-id=\"3c5bc28\" data-element_type=\"column\" data-e-type=\"column\">\n\t\t\t<div class=\"elementor-widget-wrap elementor-element-populated\">\n\t\t\t\t\t\t<div class=\"elementor-element elementor-element-e2a97e5 elementor-widget elementor-widget-shortcode\" data-id=\"e2a97e5\" data-element_type=\"widget\" data-e-type=\"widget\" data-widget_type=\"shortcode.default\">\n\t\t\t\t<div class=\"elementor-widget-container\">\n\t\t\t\t\t\t\t<div class=\"elementor-shortcode\">\t\t<div data-elementor-type=\"section\" data-elementor-id=\"286\" class=\"elementor elementor-286\" data-elementor-post-type=\"elementor_library\">\n\t\t\t\t\t<section class=\"elementor-section elementor-top-section elementor-element elementor-element-06d1374 elementor-section-height-min-height elementor-section-boxed elementor-section-height-default elementor-section-items-middle\" data-id=\"06d1374\" data-element_type=\"section\" data-e-type=\"section\" data-settings=\"{&quot;background_background&quot;:&quot;classic&quot;}\">\n\t\t\t\t\t\t\t<div class=\"elementor-background-overlay\"><\/div>\n\t\t\t\t\t\t\t<div class=\"elementor-container elementor-column-gap-default\">\n\t\t\t\t\t<div class=\"elementor-column elementor-col-100 elementor-top-column elementor-element elementor-element-2310342\" data-id=\"2310342\" data-element_type=\"column\" data-e-type=\"column\">\n\t\t\t<div class=\"elementor-widget-wrap elementor-element-populated\">\n\t\t\t\t\t\t<div class=\"elementor-element elementor-element-735cfe1 elementor-widget-divider--view-line elementor-widget elementor-widget-divider\" data-id=\"735cfe1\" data-element_type=\"widget\" data-e-type=\"widget\" data-widget_type=\"divider.default\">\n\t\t\t\t<div class=\"elementor-widget-container\">\n\t\t\t\t\t\t\t<div class=\"elementor-divider\">\n\t\t\t<span class=\"elementor-divider-separator\">\n\t\t\t\t\t\t<\/span>\n\t\t<\/div>\n\t\t\t\t\t\t<\/div>\n\t\t\t\t<\/div>\n\t\t\t\t\t<\/div>\n\t\t<\/div>\n\t\t\t\t\t<\/div>\n\t\t<\/section>\n\t\t\t\t<\/div>\n\t\t<\/div>\n\t\t\t\t\t\t<\/div>\n\t\t\t\t<\/div>\n\t\t\t\t\t<\/div>\n\t\t<\/div>\n\t\t\t\t\t<\/div>\n\t\t<\/section>\n\t\t\t\t<section class=\"elementor-section elementor-top-section elementor-element elementor-element-da5da42 elementor-section-boxed elementor-section-height-default elementor-section-height-default\" data-id=\"da5da42\" data-element_type=\"section\" data-e-type=\"section\">\n\t\t\t\t\t\t<div class=\"elementor-container elementor-column-gap-default\">\n\t\t\t\t\t<div class=\"elementor-column elementor-col-100 elementor-top-column elementor-element elementor-element-122ff0e\" data-id=\"122ff0e\" data-element_type=\"column\" data-e-type=\"column\">\n\t\t\t<div class=\"elementor-widget-wrap elementor-element-populated\">\n\t\t\t\t\t\t<div class=\"elementor-element elementor-element-263c0df elementor-widget elementor-widget-heading\" data-id=\"263c0df\" data-element_type=\"widget\" data-e-type=\"widget\" data-widget_type=\"heading.default\">\n\t\t\t\t<div class=\"elementor-widget-container\">\n\t\t\t\t\t<h2 class=\"elementor-heading-title elementor-size-default\">Sommerterassen<\/h2>\t\t\t\t<\/div>\n\t\t\t\t<\/div>\n\t\t\t\t<div class=\"elementor-element elementor-element-c5e4028 elementor-widget elementor-widget-text-editor\" data-id=\"c5e4028\" data-element_type=\"widget\" data-e-type=\"widget\" data-widget_type=\"text-editor.default\">\n\t\t\t\t<div class=\"elementor-widget-container\">\n\t\t\t\t\t\t\t\t\t<p>Wenn Sie Ihren Sommergarten oder Ihre Terrasse voll ausnutzen m\u00f6chten, ohne sich dem direkten Sonnenlicht aussetzen zu m\u00fcssen, w\u00fcrden wir Ihnen definitiv eine Markise empfehlen. Die hochwertige Beschattungstechnologie ist eine vor\u00fcbergehende L\u00f6sung f\u00fcr Sommerg\u00e4rten und Terrassen.<\/p><p>Wenn Sie also nicht nach einer dauerhaften L\u00f6sung suchen, die die Umgebung Ihres Hauses ver\u00e4ndert, sondern die vor\u00fcbergehende Verwendung von Beschattung w\u00e4hrend der Fr\u00fchlings- und Sommersaison bevorzugen, beraten wir Sie gerne. Wir gew\u00e4hrleisten Ihnen die Herstellung und Montage von Sommerterrassen, Winterg\u00e4rten, \u00dcberdachungen, Hallen und Gartenh\u00e4uschen aus technischen und impr\u00e4gnierten Folien.\u00a0<\/p><p>Wir verwenden die Systeme aus PVC- und PE-Planen, dank derer Sie aus der Variabilit\u00e4t von Formen, Mustern und Abmessungen w\u00e4hlen k\u00f6nnen.<\/p>\t\t\t\t\t\t\t\t<\/div>\n\t\t\t\t<\/div>\n\t\t\t\t<div class=\"elementor-element elementor-element-965f053 elementor-widget elementor-widget-heading\" data-id=\"965f053\" data-element_type=\"widget\" data-e-type=\"widget\" data-widget_type=\"heading.default\">\n\t\t\t\t<div class=\"elementor-widget-container\">\n\t\t\t\t\t<h2 class=\"elementor-heading-title elementor-size-default\">Galerie<\/h2>\t\t\t\t<\/div>\n\t\t\t\t<\/div>\n\t\t\t\t<div class=\"elementor-element elementor-element-4692437 elementor-widget elementor-widget-gallery\" data-id=\"4692437\" data-element_type=\"widget\" data-e-type=\"widget\" data-settings=\"{&quot;columns&quot;:2,&quot;lazyload&quot;:&quot;yes&quot;,&quot;gallery_layout&quot;:&quot;grid&quot;,&quot;columns_tablet&quot;:2,&quot;columns_mobile&quot;:1,&quot;gap&quot;:{&quot;unit&quot;:&quot;px&quot;,&quot;size&quot;:10,&quot;sizes&quot;:[]},&quot;gap_tablet&quot;:{&quot;unit&quot;:&quot;px&quot;,&quot;size&quot;:10,&quot;sizes&quot;:[]},&quot;gap_mobile&quot;:{&quot;unit&quot;:&quot;px&quot;,&quot;size&quot;:10,&quot;sizes&quot;:[]},&quot;link_to&quot;:&quot;file&quot;,&quot;aspect_ratio&quot;:&quot;3:2&quot;,&quot;overlay_background&quot;:&quot;yes&quot;,&quot;content_hover_animation&quot;:&quot;fade-in&quot;}\" data-widget_type=\"gallery.default\">\n\t\t\t\t<div class=\"elementor-widget-container\">\n\t\t\t\t\t\t\t<div class=\"elementor-gallery__container\">\n\t\t\t\t\t\t\t<a class=\"e-gallery-item elementor-gallery-item elementor-animated-content\" href=\"https:\/\/www.bamida.sk\/wp-content\/uploads\/2021\/06\/5d48a71cc8913163964252.jpg\" data-elementor-open-lightbox=\"yes\" data-elementor-lightbox-slideshow=\"4692437\" data-elementor-lightbox-title=\"5d48a71cc8913163964252\" data-e-action-hash=\"#elementor-action%3Aaction%3Dlightbox%26settings%3DeyJpZCI6NTA5LCJ1cmwiOiJodHRwczpcL1wvd3d3LmJhbWlkYS5za1wvd3AtY29udGVudFwvdXBsb2Fkc1wvMjAyMVwvMDZcLzVkNDhhNzFjYzg5MTMxNjM5NjQyNTIuanBnIiwic2xpZGVzaG93IjoiNDY5MjQzNyJ9\">\n\t\t\t\t\t<div class=\"e-gallery-image elementor-gallery-item__image\" data-thumbnail=\"https:\/\/www.bamida.sk\/wp-content\/uploads\/2021\/06\/5d48a71cc8913163964252.jpg\" data-width=\"700\" data-height=\"525\" aria-label=\"\" role=\"img\" ><\/div>\n\t\t\t\t\t\t\t\t\t\t\t<div class=\"elementor-gallery-item__overlay\"><\/div>\n\t\t\t\t\t\t\t\t\t\t\t\t\t\t<\/a>\n\t\t\t\t\t\t\t<a class=\"e-gallery-item elementor-gallery-item elementor-animated-content\" href=\"https:\/\/www.bamida.sk\/wp-content\/uploads\/2021\/06\/5d48a71ce2629770687642.jpg\" data-elementor-open-lightbox=\"yes\" data-elementor-lightbox-slideshow=\"4692437\" data-elementor-lightbox-title=\"5d48a71ce2629770687642\" data-e-action-hash=\"#elementor-action%3Aaction%3Dlightbox%26settings%3DeyJpZCI6NTEwLCJ1cmwiOiJodHRwczpcL1wvd3d3LmJhbWlkYS5za1wvd3AtY29udGVudFwvdXBsb2Fkc1wvMjAyMVwvMDZcLzVkNDhhNzFjZTI2Mjk3NzA2ODc2NDIuanBnIiwic2xpZGVzaG93IjoiNDY5MjQzNyJ9\">\n\t\t\t\t\t<div class=\"e-gallery-image elementor-gallery-item__image\" data-thumbnail=\"https:\/\/www.bamida.sk\/wp-content\/uploads\/2021\/06\/5d48a71ce2629770687642.jpg\" data-width=\"700\" data-height=\"525\" aria-label=\"\" role=\"img\" ><\/div>\n\t\t\t\t\t\t\t\t\t\t\t<div class=\"elementor-gallery-item__overlay\"><\/div>\n\t\t\t\t\t\t\t\t\t\t\t\t\t\t<\/a>\n\t\t\t\t\t\t\t<a class=\"e-gallery-item elementor-gallery-item elementor-animated-content\" href=\"https:\/\/www.bamida.sk\/wp-content\/uploads\/2021\/07\/heineken-min-scaled.jpg\" data-elementor-open-lightbox=\"yes\" data-elementor-lightbox-slideshow=\"4692437\" data-elementor-lightbox-title=\"heineken-min\" data-e-action-hash=\"#elementor-action%3Aaction%3Dlightbox%26settings%3DeyJpZCI6MTAzNCwidXJsIjoiaHR0cHM6XC9cL3d3dy5iYW1pZGEuc2tcL3dwLWNvbnRlbnRcL3VwbG9hZHNcLzIwMjFcLzA3XC9oZWluZWtlbi1taW4tc2NhbGVkLmpwZyIsInNsaWRlc2hvdyI6IjQ2OTI0MzcifQ%3D%3D\">\n\t\t\t\t\t<div class=\"e-gallery-image elementor-gallery-item__image\" data-thumbnail=\"https:\/\/www.bamida.sk\/wp-content\/uploads\/2021\/07\/heineken-min-scaled.jpg\" data-width=\"2560\" data-height=\"1803\" aria-label=\"\" role=\"img\" ><\/div>\n\t\t\t\t\t\t\t\t\t\t\t<div class=\"elementor-gallery-item__overlay\"><\/div>\n\t\t\t\t\t\t\t\t\t\t\t\t\t\t<\/a>\n\t\t\t\t\t\t\t<a class=\"e-gallery-item elementor-gallery-item elementor-animated-content\" href=\"https:\/\/www.bamida.sk\/wp-content\/uploads\/2021\/07\/heineken-2-min-scaled.jpg\" data-elementor-open-lightbox=\"yes\" data-elementor-lightbox-slideshow=\"4692437\" data-elementor-lightbox-title=\"heineken 2-min\" data-e-action-hash=\"#elementor-action%3Aaction%3Dlightbox%26settings%3DeyJpZCI6MTAzMywidXJsIjoiaHR0cHM6XC9cL3d3dy5iYW1pZGEuc2tcL3dwLWNvbnRlbnRcL3VwbG9hZHNcLzIwMjFcLzA3XC9oZWluZWtlbi0yLW1pbi1zY2FsZWQuanBnIiwic2xpZGVzaG93IjoiNDY5MjQzNyJ9\">\n\t\t\t\t\t<div class=\"e-gallery-image elementor-gallery-item__image\" data-thumbnail=\"https:\/\/www.bamida.sk\/wp-content\/uploads\/2021\/07\/heineken-2-min-scaled.jpg\" data-width=\"2560\" data-height=\"1918\" aria-label=\"\" role=\"img\" ><\/div>\n\t\t\t\t\t\t\t\t\t\t\t<div class=\"elementor-gallery-item__overlay\"><\/div>\n\t\t\t\t\t\t\t\t\t\t\t\t\t\t<\/a>\n\t\t\t\t\t\t\t<a class=\"e-gallery-item elementor-gallery-item elementor-animated-content\" href=\"https:\/\/www.bamida.sk\/wp-content\/uploads\/2021\/07\/terasa-min-scaled.jpg\" data-elementor-open-lightbox=\"yes\" data-elementor-lightbox-slideshow=\"4692437\" data-elementor-lightbox-title=\"terasa-min\" data-e-action-hash=\"#elementor-action%3Aaction%3Dlightbox%26settings%3DeyJpZCI6MTAzOCwidXJsIjoiaHR0cHM6XC9cL3d3dy5iYW1pZGEuc2tcL3dwLWNvbnRlbnRcL3VwbG9hZHNcLzIwMjFcLzA3XC90ZXJhc2EtbWluLXNjYWxlZC5qcGciLCJzbGlkZXNob3ciOiI0NjkyNDM3In0%3D\">\n\t\t\t\t\t<div class=\"e-gallery-image elementor-gallery-item__image\" data-thumbnail=\"https:\/\/www.bamida.sk\/wp-content\/uploads\/2021\/07\/terasa-min-scaled.jpg\" data-width=\"2560\" data-height=\"1515\" aria-label=\"\" role=\"img\" ><\/div>\n\t\t\t\t\t\t\t\t\t\t\t<div class=\"elementor-gallery-item__overlay\"><\/div>\n\t\t\t\t\t\t\t\t\t\t\t\t\t\t<\/a>\n\t\t\t\t\t<\/div>\n\t\t\t\t\t<\/div>\n\t\t\t\t<\/div>\n\t\t\t\t\t<\/div>\n\t\t<\/div>\n\t\t\t\t\t<\/div>\n\t\t<\/section>\n\t\t\t\t<\/div>","protected":false},"excerpt":{"rendered":"<p>Letn\u00e9 terasy Ak pl\u00e1nujete naplno vyu\u017ei\u0165 svoju letn\u00fa z\u00e1hradu \u010di terasu bez toho, aby ste sa museli vystavova\u0165 priamemu slnku, ur\u010dite zvo\u013ete mark\u00edzu. Kvalitn\u00e1 tieniaca technika je do\u010dasn\u00fdm rie\u0161en\u00edm pre letn\u00e9 z\u00e1hrady a terasy. Ak teda neh\u013ead\u00e1te trval\u00e9 rie\u0161enie, ktor\u00e9 zmen\u00ed okolie v\u00e1\u0161ho domu, ale preferujete prechodn\u00e9 vyu\u017eitie tienenia v obdob\u00ed jarnej a letnej sez\u00f3ny, [&hellip;]<\/p>\n","protected":false},"author":1,"featured_media":0,"parent":198,"menu_order":0,"comment_status":"closed","ping_status":"closed","template":"","meta":{"inline_featured_image":false,"site-sidebar-layout":"no-sidebar","site-content-layout":"page-builder","ast-site-content-layout":"default","site-content-style":"default","site-sidebar-style":"default","ast-global-header-display":"","ast-banner-title-visibility":"","ast-main-header-display":"","ast-hfb-above-header-display":"","ast-hfb-below-header-display":"","ast-hfb-mobile-header-display":"","site-post-title":"disabled","ast-breadcrumbs-content":"","ast-featured-img":"disabled","footer-sml-layout":"","ast-disable-related-posts":"","theme-transparent-header-meta":"default","adv-header-id-meta":"","stick-header-meta":"","header-above-stick-meta":"","header-main-stick-meta":"","header-below-stick-meta":"","astra-migrate-meta-layouts":"default","ast-page-background-enabled":"default","ast-page-background-meta":{"desktop":{"background-color":"","background-image":"","background-repeat":"repeat","background-position":"center center","background-size":"auto","background-attachment":"scroll","background-type":"","background-media":"","overlay-type":"","overlay-color":"","overlay-opacity":"","overlay-gradient":""},"tablet":{"background-color":"","background-image":"","background-repeat":"repeat","background-position":"center center","background-size":"auto","background-attachment":"scroll","background-type":"","background-media":"","overlay-type":"","overlay-color":"","overlay-opacity":"","overlay-gradient":""},"mobile":{"background-color":"","background-image":"","background-repeat":"repeat","background-position":"center center","background-size":"auto","background-attachment":"scroll","background-type":"","background-media":"","overlay-type":"","overlay-color":"","overlay-opacity":"","overlay-gradient":""}},"ast-content-background-meta":{"desktop":{"background-color":"var(--ast-global-color-5)","background-image":"","background-repeat":"repeat","background-position":"center center","background-size":"auto","background-attachment":"scroll","background-type":"","background-media":"","overlay-type":"","overlay-color":"","overlay-opacity":"","overlay-gradient":""},"tablet":{"background-color":"var(--ast-global-color-5)","background-image":"","background-repeat":"repeat","background-position":"center center","background-size":"auto","background-attachment":"scroll","background-type":"","background-media":"","overlay-type":"","overlay-color":"","overlay-opacity":"","overlay-gradient":""},"mobile":{"background-color":"var(--ast-global-color-5)","background-image":"","background-repeat":"repeat","background-position":"center center","background-size":"auto","background-attachment":"scroll","background-type":"","background-media":"","overlay-type":"","overlay-color":"","overlay-opacity":"","overlay-gradient":""}},"iawp_total_views":915,"footnotes":""},"class_list":["post-151","page","type-page","status-publish","hentry"],"_links":{"self":[{"href":"https:\/\/www.bamida.sk\/de\/wp-json\/wp\/v2\/pages\/151","targetHints":{"allow":["GET"]}}],"collection":[{"href":"https:\/\/www.bamida.sk\/de\/wp-json\/wp\/v2\/pages"}],"about":[{"href":"https:\/\/www.bamida.sk\/de\/wp-json\/wp\/v2\/types\/page"}],"author":[{"embeddable":true,"href":"https:\/\/www.bamida.sk\/de\/wp-json\/wp\/v2\/users\/1"}],"replies":[{"embeddable":true,"href":"https:\/\/www.bamida.sk\/de\/wp-json\/wp\/v2\/comments?post=151"}],"version-history":[{"count":7,"href":"https:\/\/www.bamida.sk\/de\/wp-json\/wp\/v2\/pages\/151\/revisions"}],"predecessor-version":[{"id":1061,"href":"https:\/\/www.bamida.sk\/de\/wp-json\/wp\/v2\/pages\/151\/revisions\/1061"}],"up":[{"embeddable":true,"href":"https:\/\/www.bamida.sk\/de\/wp-json\/wp\/v2\/pages\/198"}],"wp:attachment":[{"href":"https:\/\/www.bamida.sk\/de\/wp-json\/wp\/v2\/media?parent=151"}],"curies":[{"name":"wp","href":"https:\/\/api.w.org\/{rel}","templated":true}]}}