{"id":1516,"date":"2023-03-23T08:54:06","date_gmt":"2023-03-23T07:54:06","guid":{"rendered":"https:\/\/www.bamida.sk\/?page_id=1516"},"modified":"2023-03-28T08:49:51","modified_gmt":"2023-03-28T06:49:51","slug":"granty-ehp-eea-grants","status":"publish","type":"page","link":"https:\/\/www.bamida.sk\/de\/eea-grants\/granty-ehp-eea-grants\/","title":{"rendered":"Granty EHP \/ EEA Grants"},"content":{"rendered":"<div data-elementor-type=\"wp-page\" data-elementor-id=\"1516\" class=\"elementor elementor-1516\" data-elementor-post-type=\"page\">\n\t\t\t\t\t\t<section class=\"elementor-section elementor-top-section elementor-element elementor-element-1280a3e elementor-section-boxed elementor-section-height-default elementor-section-height-default\" data-id=\"1280a3e\" data-element_type=\"section\" data-e-type=\"section\">\n\t\t\t\t\t\t<div class=\"elementor-container elementor-column-gap-default\">\n\t\t\t\t\t<div class=\"elementor-column elementor-col-100 elementor-top-column elementor-element elementor-element-dae620b\" data-id=\"dae620b\" data-element_type=\"column\" data-e-type=\"column\">\n\t\t\t<div class=\"elementor-widget-wrap elementor-element-populated\">\n\t\t\t\t\t\t<div class=\"elementor-element elementor-element-c7ae120 elementor-nav-menu--dropdown-tablet elementor-nav-menu__text-align-aside elementor-nav-menu--toggle elementor-nav-menu--burger elementor-widget elementor-widget-nav-menu\" data-id=\"c7ae120\" data-element_type=\"widget\" data-e-type=\"widget\" data-settings=\"{&quot;layout&quot;:&quot;horizontal&quot;,&quot;submenu_icon&quot;:{&quot;value&quot;:&quot;&lt;i class=\\&quot;fas fa-caret-down\\&quot; aria-hidden=\\&quot;true\\&quot;&gt;&lt;\\\/i&gt;&quot;,&quot;library&quot;:&quot;fa-solid&quot;},&quot;toggle&quot;:&quot;burger&quot;}\" data-widget_type=\"nav-menu.default\">\n\t\t\t\t<div class=\"elementor-widget-container\">\n\t\t\t\t\t\t\t\t<nav aria-label=\"Men\u00fc\" class=\"elementor-nav-menu--main elementor-nav-menu__container elementor-nav-menu--layout-horizontal e--pointer-underline e--animation-fade\">\n\t\t\t\t<ul id=\"menu-1-c7ae120\" class=\"elementor-nav-menu\"><li class=\"menu-item menu-item-type-post_type menu-item-object-page menu-item-1538\"><a href=\"https:\/\/www.bamida.sk\/de\/eea-grants\/o-projekte-about-project\/\" class=\"elementor-item menu-link\">O projekte \/ About project<\/a><\/li>\n<li class=\"menu-item menu-item-type-post_type menu-item-object-page menu-item-1537\"><a href=\"https:\/\/www.bamida.sk\/de\/eea-grants\/granty-ehp-eea-grants\/\" class=\"elementor-item menu-link\">Granty EHP \/ EEA Grants<\/a><\/li>\n<li class=\"menu-item menu-item-type-post_type menu-item-object-page menu-item-1536\"><a href=\"https:\/\/www.bamida.sk\/de\/eea-grants\/aktuality-news\/\" class=\"elementor-item menu-link\">Aktuality \/ News<\/a><\/li>\n<li class=\"menu-item menu-item-type-post_type menu-item-object-page menu-item-1535\"><a href=\"https:\/\/www.bamida.sk\/de\/eea-grants\/galeria-gallery\/\" class=\"elementor-item menu-link\">Gal\u00e9ria \/ Gallery<\/a><\/li>\n<li class=\"menu-item menu-item-type-post_type menu-item-object-page menu-item-1557\"><a href=\"https:\/\/www.bamida.sk\/de\/obstaravanie\/\" class=\"elementor-item menu-link\">Obstar\u00e1vanie<\/a><\/li>\n<li class=\"menu-item menu-item-type-custom menu-item-object-custom menu-item-1558\"><a href=\"https:\/\/www.crz.gov.sk\/zmluva\/6756591\/\" class=\"elementor-item menu-link\">Projektov\u00e1 zmluva<\/a><\/li>\n<\/ul>\t\t\t<\/nav>\n\t\t\t\t\t<div class=\"elementor-menu-toggle\" role=\"button\" tabindex=\"0\" aria-label=\"Menu Toggle\" aria-expanded=\"false\">\n\t\t\t<i aria-hidden=\"true\" role=\"presentation\" class=\"elementor-menu-toggle__icon--open eicon-menu-bar\"><\/i><i aria-hidden=\"true\" role=\"presentation\" class=\"elementor-menu-toggle__icon--close eicon-close\"><\/i>\t\t<\/div>\n\t\t\t\t\t<nav class=\"elementor-nav-menu--dropdown elementor-nav-menu__container\" aria-hidden=\"true\">\n\t\t\t\t<ul id=\"menu-2-c7ae120\" class=\"elementor-nav-menu\"><li class=\"menu-item menu-item-type-post_type menu-item-object-page menu-item-1538\"><a href=\"https:\/\/www.bamida.sk\/de\/eea-grants\/o-projekte-about-project\/\" class=\"elementor-item menu-link\" tabindex=\"-1\">O projekte \/ About project<\/a><\/li>\n<li class=\"menu-item menu-item-type-post_type menu-item-object-page menu-item-1537\"><a href=\"https:\/\/www.bamida.sk\/de\/eea-grants\/granty-ehp-eea-grants\/\" class=\"elementor-item menu-link\" tabindex=\"-1\">Granty EHP \/ EEA Grants<\/a><\/li>\n<li class=\"menu-item menu-item-type-post_type menu-item-object-page menu-item-1536\"><a href=\"https:\/\/www.bamida.sk\/de\/eea-grants\/aktuality-news\/\" class=\"elementor-item menu-link\" tabindex=\"-1\">Aktuality \/ News<\/a><\/li>\n<li class=\"menu-item menu-item-type-post_type menu-item-object-page menu-item-1535\"><a href=\"https:\/\/www.bamida.sk\/de\/eea-grants\/galeria-gallery\/\" class=\"elementor-item menu-link\" tabindex=\"-1\">Gal\u00e9ria \/ Gallery<\/a><\/li>\n<li class=\"menu-item menu-item-type-post_type menu-item-object-page menu-item-1557\"><a href=\"https:\/\/www.bamida.sk\/de\/obstaravanie\/\" class=\"elementor-item menu-link\" tabindex=\"-1\">Obstar\u00e1vanie<\/a><\/li>\n<li class=\"menu-item menu-item-type-custom menu-item-object-custom menu-item-1558\"><a href=\"https:\/\/www.crz.gov.sk\/zmluva\/6756591\/\" class=\"elementor-item menu-link\" tabindex=\"-1\">Projektov\u00e1 zmluva<\/a><\/li>\n<\/ul>\t\t\t<\/nav>\n\t\t\t\t\t\t<\/div>\n\t\t\t\t<\/div>\n\t\t\t\t\t<\/div>\n\t\t<\/div>\n\t\t\t\t\t<\/div>\n\t\t<\/section>\n\t\t\t\t<section class=\"elementor-section elementor-top-section elementor-element elementor-element-1d2bb78 elementor-section-boxed elementor-section-height-default elementor-section-height-default\" data-id=\"1d2bb78\" data-element_type=\"section\" data-e-type=\"section\">\n\t\t\t\t\t\t<div class=\"elementor-container elementor-column-gap-default\">\n\t\t\t\t\t<div class=\"elementor-column elementor-col-100 elementor-top-column elementor-element elementor-element-89e447f\" data-id=\"89e447f\" data-element_type=\"column\" data-e-type=\"column\">\n\t\t\t<div class=\"elementor-widget-wrap elementor-element-populated\">\n\t\t\t\t\t\t<div class=\"elementor-element elementor-element-2ed3839 elementor-widget elementor-widget-heading\" data-id=\"2ed3839\" data-element_type=\"widget\" data-e-type=\"widget\" data-widget_type=\"heading.default\">\n\t\t\t\t<div class=\"elementor-widget-container\">\n\t\t\t\t\t<h2 class=\"elementor-heading-title elementor-size-default\">Granty EHP \/ EEA Grants<\/h2>\t\t\t\t<\/div>\n\t\t\t\t<\/div>\n\t\t\t\t<div class=\"elementor-element elementor-element-a85ef64 elementor-widget elementor-widget-text-editor\" data-id=\"a85ef64\" data-element_type=\"widget\" data-e-type=\"widget\" data-widget_type=\"text-editor.default\">\n\t\t\t\t<div class=\"elementor-widget-container\">\n\t\t\t\t\t\t\t\t\t<div><p><img decoding=\"async\" src=\"https:\/\/www.unipo.sk\/public\/media\/43376\/EEA_GRANTS_SR_znak_sirsi_rozostup.jpg\" alt=\"\" \/><\/p><p><img decoding=\"async\" class=\"aligncenter\" src=\"https:\/\/www.unipo.sk\/public\/media\/43376\/VA_BAM_FMEO_PU.jpg\" alt=\"\" \/><\/p><div><strong>\u201eWorking together for a green, competitive and inclusive Europe\u201c.<\/strong><\/div><p><strong>&#8222;Spolo\u010dn\u00fdm \u00fasil\u00edm k zelenej, konkurencieschopnej a inkluz\u00edvnej Eur\u00f3pe&#8220;<\/strong>.<\/p><h4><img decoding=\"async\" class=\"\" src=\"https:\/\/www.unipo.sk\/public\/media\/43376\/SR_flag.jpg\" alt=\"\" width=\"30\" height=\"20\" \/>\u00a0Projekt BIN 02_2021_024\u00a0\u00a0<strong>&#8222;Aplikovan\u00fd v\u00fdskum pre zlep\u0161enie akustick\u00fdch vlastnost\u00ed\u00a0mobiln\u00fdch protihlukov\u00fdch bari\u00e9r a ekologick\u00e9\u00a0vyu\u017eitie odpadu vzniknut\u00e9ho pri ich v\u00fdrobe&#8220;\u00a0<\/strong>z\u00edskal grant z Islandu, Lichten\u0161tajnska a N\u00f3rska\u00a0v sume 1.817.105,- EUR\u00a0prostredn\u00edctvom Grantov EHP.\u00a0\u00a0Projekt bol spolufinancovan\u00fd z\u00a0 prostriedkov \u0161t\u00e1tneho rozpo\u010dtu Slovenskej republiky vo v\u00fd\u0161ke 15%.<\/h4><h4><em><img decoding=\"async\" class=\"\" src=\"https:\/\/www.unipo.sk\/public\/media\/43376\/flag_ENG.jpg\" alt=\"\" width=\"30\" height=\"20\" \/>\u00a0The project BIN 02_2021_024\u00a0<strong>&#8222;Applied research for the improvement of acoustic properties\u00a0of mobile noise barriers and ecological use of waste\u00a0generated during their production &#8220;\u00a0<\/strong>benefits from a 1.817.105,- \u20ac\u00a0 grant from Iceland,\u00a0Liechtenstein and Norway through the EEA Grants.\u00a0The project has been co-financed from\u00a0the State Budget of the Slovak Republic\u00a0in the amount of 15%.<\/em><\/h4><hr \/><hr \/><hr \/><hr \/><hr \/><hr \/><hr \/><hr \/><p><img decoding=\"async\" class=\"\" src=\"https:\/\/www.unipo.sk\/public\/media\/43376\/SR_flag.jpg\" alt=\"\" width=\"32\" height=\"21\" \/>\u00a0<strong>Granty EHP predstavuj\u00fa pr\u00edspevok Islandu, Lichten\u0161tajnska a N\u00f3rska k zelenej, konkurencieschopnej a inkluz\u00edvnej Eur\u00f3pe.\u00a0Maj\u00fa dva hlavn\u00e9 ciele: zni\u017eovanie ekonomick\u00fdch a spolo\u010densk\u00fdch rozdielov v Eur\u00f3pe a posil\u0148ovanie vz\u00e1jomn\u00fdch vz\u0165ahov medzi prispievate\u013esk\u00fdmi krajinami a 15 krajinami E\u00da v strednej a v\u00fdchodnej Eur\u00f3pe a v Pobalt\u00ed.<br \/>Tri prispievate\u013esk\u00e9 \u0161t\u00e1ty \u00fazko spolupracuj\u00fa s E\u00da prostredn\u00edctvom Dohody o Eur\u00f3pskom hospod\u00e1rskom priestore (EHP). Ako donori postupne v rokoch 1994 a\u017e 2014 poskytli prostredn\u00edctvom grantov\u00fdch sch\u00e9m 3,3 miliardy eur. Granty EHP na obdobie 2014 \u2013 2021 dosahuj\u00fa 1,55 miliardy eur. Prioritami tohto obdobia s\u00fa:<\/strong><\/p><ul><li><strong>Inov\u00e1cie, v\u00fdskum, vzdel\u00e1vanie a konkurencieschopnos\u0165<\/strong><\/li><li><strong>Soci\u00e1lna inkl\u00fazia, zamestnanos\u0165 mlad\u00fdch a odstra\u0148ovanie chudoby<\/strong><\/li><li><strong>\u017divotn\u00e9 prostredie, energia, zmena kl\u00edmy a n\u00edzko uhl\u00edkov\u00e9 hospod\u00e1rstvo<\/strong><\/li><li><strong>Kult\u00fara, ob\u010dianska spolo\u010dnos\u0165, dobr\u00e9 spravovanie a z\u00e1kladn\u00e9 pr\u00e1va<\/strong><\/li><li><strong>Spravodlivos\u0165 a vn\u00fatorn\u00e9 z\u00e1le\u017eitosti<\/strong><\/li><\/ul><p><strong>Granty EHP s\u00fa financovan\u00e9 spolo\u010dne Islandom, Lichten\u0161tajnskom a N\u00f3rskom pod\u013ea ich HDP.\u00a0V\u0161etky projekty s\u00fa vo v\u00fd\u0161ke 15% spolufinancovan\u00e9 zo \u0161t\u00e1tneho rozpo\u010dtu Slovenskej republiky.\u00a0Viac inform\u00e1ci\u00ed n\u00e1jdete na www.eeagrants.sk alebo www.eeagrants.org<\/strong><\/p><p><strong>V\u00fdskumn\u00e1 agent\u00fara je spr\u00e1vcom programu Rozvoj obchodu, inov\u00e1ci\u00ed a MSP, ktor\u00e9ho hlavn\u00fdm cie\u013eom je zv\u00fd\u0161i\u0165 tvorbu hodn\u00f4t a udr\u017eate\u013en\u00fd rast v slovenskom podnikate\u013eskom sektore. Financovan\u00edm iniciat\u00edv zameran\u00fdch na zv\u00fd\u0161enie konkurencieschopnosti a ziskovosti podnikov, predov\u0161etk\u00fdm mal\u00fdch a stredn\u00fdch, prispeje program k celkov\u00e9mu cie\u013eu Grantov EHP a N\u00f3rska, a to k zn\u00ed\u017eeniu ekonomick\u00fdch a soci\u00e1lnych rozdielov regi\u00f3nov.<\/strong><\/p><hr \/><hr \/><hr \/><hr \/><hr \/><p><em><img decoding=\"async\" class=\"\" src=\"https:\/\/www.unipo.sk\/public\/media\/43376\/flag_ENG.jpg\" alt=\"\" width=\"30\" height=\"20\" \/>\u00a0<strong>The EEA Grants represent the contribution of Iceland, Liechtenstein and Norway towards a green, competitive and inclusive Europe. There are two overall objectives: reduction of economic and social disparities in Europe, and to strengthen bilateral relations between the donor countries and 15 EU countries in Central and Southern Europe and the Baltics.\u00a0The three donor countries cooperate closely with the EU through the Agreement on the European Economic Area (EEA). The donors have provided \u20ac3.3 billion through consecutive grant schemes between 1994 and 2014. For the period 2014-2021, the EEA Grants amount to \u20ac1.55 billion. The priorities for this period are:<\/strong><\/em><\/p><ul><li><em><strong>Innovation, Research, Education and Competitiveness<\/strong><\/em><\/li><li><em><strong>Social Inclusion, Youth Employment and Poverty Reduction<\/strong><\/em><\/li><li><em><strong>Environment, Energy, Climate Change and Low Carbon Economy<\/strong><\/em><\/li><li><em><strong>Culture, Civil Society, Good Governance and Fundamental Rights<\/strong><\/em><\/li><li><em><strong>Justice and Home Affairs<\/strong><\/em><\/li><\/ul><p><em><strong>The EEA Grants are jointly financed by Iceland, Liechtenstein and Norway, whose contributions are based on their GDP. Eligibility for the Grants mirror the criteria set for the EU Cohesion Fund aimed at member countries where the Gross National Income (GNI) per inhabitant is less than 90% of the EU average. All projects are co-financed by the State Budget of the Slovak Republic in the amount of 15%.\u00a0You can find more information at www.eeagrants.sk or www.eeagrants.org.<\/strong><\/em><\/p><p><em><strong>The Research Agency is the administrator of the Development of Trade, Innovation and SMEs program, the main objective of which is to increase value creation and sustainable growth in the Slovak business sector. By financing initiatives aimed at increasing the competitiveness and profitability of enterprises, especially small and medium-sized ones, the program will contribute to the overall goal of the EEA and Norway Grants, namely to reduce the economic and social disparities of the regions.<\/strong><\/em><\/p><hr \/><hr \/><hr \/><hr \/><hr \/><p><strong>Ak sa chcete dozvedie\u0165 viac o programoch a projektoch financovan\u00fdch z Grantov EHP na Slovensku, nav\u0161t\u00edvte str\u00e1nku\u00a0<a href=\"http:\/\/www.eeagrants.sk\/\">www.eeagrants.sk<\/a>.<\/strong><\/p><p><strong>If you want to know more about programmes and projects financed by the EEA Grants in Slovakia, visit\u00a0<a href=\"http:\/\/www.eeagrants.sk\/\">www.eeagrants.sk<\/a>.<\/strong><\/p><\/div>\t\t\t\t\t\t\t\t<\/div>\n\t\t\t\t<\/div>\n\t\t\t\t\t<\/div>\n\t\t<\/div>\n\t\t\t\t\t<\/div>\n\t\t<\/section>\n\t\t\t\t<\/div>","protected":false},"excerpt":{"rendered":"<p>Granty EHP \/ EEA Grants \u201eWorking together for a green, competitive and inclusive Europe\u201c. &#8222;Spolo\u010dn\u00fdm \u00fasil\u00edm k zelenej, konkurencieschopnej a inkluz\u00edvnej Eur\u00f3pe&#8220;. \u00a0Projekt BIN 02_2021_024\u00a0\u00a0&#8222;Aplikovan\u00fd v\u00fdskum pre zlep\u0161enie akustick\u00fdch vlastnost\u00ed\u00a0mobiln\u00fdch protihlukov\u00fdch bari\u00e9r a ekologick\u00e9\u00a0vyu\u017eitie odpadu vzniknut\u00e9ho pri ich v\u00fdrobe&#8220;\u00a0z\u00edskal grant z Islandu, Lichten\u0161tajnska a N\u00f3rska\u00a0v sume 1.817.105,- EUR\u00a0prostredn\u00edctvom Grantov EHP.\u00a0\u00a0Projekt bol spolufinancovan\u00fd z\u00a0 prostriedkov \u0161t\u00e1tneho [&hellip;]<\/p>\n","protected":false},"author":1,"featured_media":0,"parent":1479,"menu_order":0,"comment_status":"closed","ping_status":"closed","template":"","meta":{"inline_featured_image":false,"site-sidebar-layout":"no-sidebar","site-content-layout":"page-builder","ast-site-content-layout":"default","site-content-style":"default","site-sidebar-style":"default","ast-global-header-display":"","ast-banner-title-visibility":"","ast-main-header-display":"","ast-hfb-above-header-display":"","ast-hfb-below-header-display":"","ast-hfb-mobile-header-display":"","site-post-title":"disabled","ast-breadcrumbs-content":"","ast-featured-img":"disabled","footer-sml-layout":"","ast-disable-related-posts":"","theme-transparent-header-meta":"","adv-header-id-meta":"","stick-header-meta":"","header-above-stick-meta":"","header-main-stick-meta":"","header-below-stick-meta":"","astra-migrate-meta-layouts":"default","ast-page-background-enabled":"default","ast-page-background-meta":{"desktop":{"background-color":"","background-image":"","background-repeat":"repeat","background-position":"center center","background-size":"auto","background-attachment":"scroll","background-type":"","background-media":"","overlay-type":"","overlay-color":"","overlay-opacity":"","overlay-gradient":""},"tablet":{"background-color":"","background-image":"","background-repeat":"repeat","background-position":"center center","background-size":"auto","background-attachment":"scroll","background-type":"","background-media":"","overlay-type":"","overlay-color":"","overlay-opacity":"","overlay-gradient":""},"mobile":{"background-color":"","background-image":"","background-repeat":"repeat","background-position":"center center","background-size":"auto","background-attachment":"scroll","background-type":"","background-media":"","overlay-type":"","overlay-color":"","overlay-opacity":"","overlay-gradient":""}},"ast-content-background-meta":{"desktop":{"background-color":"var(--ast-global-color-5)","background-image":"","background-repeat":"repeat","background-position":"center center","background-size":"auto","background-attachment":"scroll","background-type":"","background-media":"","overlay-type":"","overlay-color":"","overlay-opacity":"","overlay-gradient":""},"tablet":{"background-color":"var(--ast-global-color-5)","background-image":"","background-repeat":"repeat","background-position":"center center","background-size":"auto","background-attachment":"scroll","background-type":"","background-media":"","overlay-type":"","overlay-color":"","overlay-opacity":"","overlay-gradient":""},"mobile":{"background-color":"var(--ast-global-color-5)","background-image":"","background-repeat":"repeat","background-position":"center center","background-size":"auto","background-attachment":"scroll","background-type":"","background-media":"","overlay-type":"","overlay-color":"","overlay-opacity":"","overlay-gradient":""}},"iawp_total_views":6,"footnotes":""},"class_list":["post-1516","page","type-page","status-publish","hentry"],"_links":{"self":[{"href":"https:\/\/www.bamida.sk\/de\/wp-json\/wp\/v2\/pages\/1516","targetHints":{"allow":["GET"]}}],"collection":[{"href":"https:\/\/www.bamida.sk\/de\/wp-json\/wp\/v2\/pages"}],"about":[{"href":"https:\/\/www.bamida.sk\/de\/wp-json\/wp\/v2\/types\/page"}],"author":[{"embeddable":true,"href":"https:\/\/www.bamida.sk\/de\/wp-json\/wp\/v2\/users\/1"}],"replies":[{"embeddable":true,"href":"https:\/\/www.bamida.sk\/de\/wp-json\/wp\/v2\/comments?post=1516"}],"version-history":[{"count":10,"href":"https:\/\/www.bamida.sk\/de\/wp-json\/wp\/v2\/pages\/1516\/revisions"}],"predecessor-version":[{"id":1550,"href":"https:\/\/www.bamida.sk\/de\/wp-json\/wp\/v2\/pages\/1516\/revisions\/1550"}],"up":[{"embeddable":true,"href":"https:\/\/www.bamida.sk\/de\/wp-json\/wp\/v2\/pages\/1479"}],"wp:attachment":[{"href":"https:\/\/www.bamida.sk\/de\/wp-json\/wp\/v2\/media?parent=1516"}],"curies":[{"name":"wp","href":"https:\/\/api.w.org\/{rel}","templated":true}]}}