{"id":377,"date":"2021-06-02T07:44:28","date_gmt":"2021-06-02T05:44:28","guid":{"rendered":"https:\/\/www.bamida.sk\/?page_id=377"},"modified":"2021-06-02T07:44:33","modified_gmt":"2021-06-02T05:44:33","slug":"sklenene-zasteny","status":"publish","type":"page","link":"https:\/\/www.bamida.sk\/de\/sklenene-zasteny\/","title":{"rendered":"Glasschirme"},"content":{"rendered":"<div data-elementor-type=\"wp-page\" data-elementor-id=\"377\" class=\"elementor elementor-377\" data-elementor-post-type=\"page\">\n\t\t\t\t\t\t<section class=\"elementor-section elementor-top-section elementor-element elementor-element-f0d640f elementor-section-full_width elementor-section-height-default elementor-section-height-default\" data-id=\"f0d640f\" data-element_type=\"section\" data-e-type=\"section\">\n\t\t\t\t\t\t<div class=\"elementor-container elementor-column-gap-default\">\n\t\t\t\t\t<div class=\"elementor-column elementor-col-100 elementor-top-column elementor-element elementor-element-05109ec\" data-id=\"05109ec\" data-element_type=\"column\" data-e-type=\"column\">\n\t\t\t<div class=\"elementor-widget-wrap elementor-element-populated\">\n\t\t\t\t\t\t<div class=\"elementor-element elementor-element-061aafe elementor-widget elementor-widget-shortcode\" data-id=\"061aafe\" data-element_type=\"widget\" data-e-type=\"widget\" data-widget_type=\"shortcode.default\">\n\t\t\t\t<div class=\"elementor-widget-container\">\n\t\t\t\t\t\t\t<div class=\"elementor-shortcode\">\t\t<div data-elementor-type=\"section\" data-elementor-id=\"286\" class=\"elementor elementor-286\" data-elementor-post-type=\"elementor_library\">\n\t\t\t\t\t<section class=\"elementor-section elementor-top-section elementor-element elementor-element-06d1374 elementor-section-height-min-height elementor-section-boxed elementor-section-height-default elementor-section-items-middle\" data-id=\"06d1374\" data-element_type=\"section\" data-e-type=\"section\" data-settings=\"{&quot;background_background&quot;:&quot;classic&quot;}\">\n\t\t\t\t\t\t\t<div class=\"elementor-background-overlay\"><\/div>\n\t\t\t\t\t\t\t<div class=\"elementor-container elementor-column-gap-default\">\n\t\t\t\t\t<div class=\"elementor-column elementor-col-100 elementor-top-column elementor-element elementor-element-2310342\" data-id=\"2310342\" data-element_type=\"column\" data-e-type=\"column\">\n\t\t\t<div class=\"elementor-widget-wrap elementor-element-populated\">\n\t\t\t\t\t\t<div class=\"elementor-element elementor-element-735cfe1 elementor-widget-divider--view-line elementor-widget elementor-widget-divider\" data-id=\"735cfe1\" data-element_type=\"widget\" data-e-type=\"widget\" data-widget_type=\"divider.default\">\n\t\t\t\t<div class=\"elementor-widget-container\">\n\t\t\t\t\t\t\t<div class=\"elementor-divider\">\n\t\t\t<span class=\"elementor-divider-separator\">\n\t\t\t\t\t\t<\/span>\n\t\t<\/div>\n\t\t\t\t\t\t<\/div>\n\t\t\t\t<\/div>\n\t\t\t\t\t<\/div>\n\t\t<\/div>\n\t\t\t\t\t<\/div>\n\t\t<\/section>\n\t\t\t\t<\/div>\n\t\t<\/div>\n\t\t\t\t\t\t<\/div>\n\t\t\t\t<\/div>\n\t\t\t\t\t<\/div>\n\t\t<\/div>\n\t\t\t\t\t<\/div>\n\t\t<\/section>\n\t\t\t\t<section class=\"elementor-section elementor-top-section elementor-element elementor-element-ad73a1f elementor-section-boxed elementor-section-height-default elementor-section-height-default\" data-id=\"ad73a1f\" data-element_type=\"section\" data-e-type=\"section\">\n\t\t\t\t\t\t<div class=\"elementor-container elementor-column-gap-default\">\n\t\t\t\t\t<div class=\"elementor-column elementor-col-100 elementor-top-column elementor-element elementor-element-c0e0db4\" data-id=\"c0e0db4\" data-element_type=\"column\" data-e-type=\"column\">\n\t\t\t<div class=\"elementor-widget-wrap elementor-element-populated\">\n\t\t\t\t\t\t<div class=\"elementor-element elementor-element-1919c9a elementor-widget elementor-widget-heading\" data-id=\"1919c9a\" data-element_type=\"widget\" data-e-type=\"widget\" data-widget_type=\"heading.default\">\n\t\t\t\t<div class=\"elementor-widget-container\">\n\t\t\t\t\t<h2 class=\"elementor-heading-title elementor-size-default\">Glasschirme<\/h2>\t\t\t\t<\/div>\n\t\t\t\t<\/div>\n\t\t\t\t<div class=\"elementor-element elementor-element-e43523b elementor-widget elementor-widget-text-editor\" data-id=\"e43523b\" data-element_type=\"widget\" data-e-type=\"widget\" data-widget_type=\"text-editor.default\">\n\t\t\t\t<div class=\"elementor-widget-container\">\n\t\t\t\t\t\t\t\t\t<p style=\"text-align: left;\" align=\"center\">Glasscheiben ist ein modernes und praktisches Element in der K\u00fcche.<\/p><p style=\"text-align: left;\" align=\"center\">Im Gegensatz zu klassischen Materialien wie Fliesen und Keramik haben die Glasscheiben enorme Vorteile. L\u00fcckenfreies Design mit einem Hauch von Luxus. Das Material ist mit einer Dicke von 6 mm w\u00e4rmebehandelt und mechanisch best\u00e4ndig gegen den Besch\u00e4digungen, was unsere Garantie ist.<\/p><p style=\"text-align: left;\" align=\"center\">Wir verwenden ein Optiwhite-\/ ultra klares Glas mit polierten Kanten. Optiwhite ist ideal f\u00fcr Grafoglas, da es v\u00f6llig klar ist und keinen Gr\u00fcnhauch aufweist.<\/p>\t\t\t\t\t\t\t\t<\/div>\n\t\t\t\t<\/div>\n\t\t\t\t<div class=\"elementor-element elementor-element-05f0a9f elementor-widget elementor-widget-image\" data-id=\"05f0a9f\" data-element_type=\"widget\" data-e-type=\"widget\" data-widget_type=\"image.default\">\n\t\t\t\t<div class=\"elementor-widget-container\">\n\t\t\t\t\t\t\t\t\t\t\t\t\t\t\t<img fetchpriority=\"high\" decoding=\"async\" width=\"700\" height=\"104\" src=\"https:\/\/www.bamida.sk\/wp-content\/uploads\/2021\/06\/1571087820032.jpeg\" class=\"attachment-full size-full wp-image-253\" alt=\"\" srcset=\"https:\/\/www.bamida.sk\/wp-content\/uploads\/2021\/06\/1571087820032.jpeg 700w, https:\/\/www.bamida.sk\/wp-content\/uploads\/2021\/06\/1571087820032-300x45.jpeg 300w, https:\/\/www.bamida.sk\/wp-content\/uploads\/2021\/06\/1571087820032-600x89.jpeg 600w\" sizes=\"(max-width: 700px) 100vw, 700px\" \/>\t\t\t\t\t\t\t\t\t\t\t\t\t\t\t<\/div>\n\t\t\t\t<\/div>\n\t\t\t\t<div class=\"elementor-element elementor-element-91e2c13 elementor-widget elementor-widget-text-editor\" data-id=\"91e2c13\" data-element_type=\"widget\" data-e-type=\"widget\" data-widget_type=\"text-editor.default\">\n\t\t\t\t<div class=\"elementor-widget-container\">\n\t\t\t\t\t\t\t\t\t<p>Das Verfahren ist einfach.<\/p><p>F\u00fcllen Sie einfach das Formular f\u00fcr das Preisangebot aus (siehe unten). Nach Genehmigung des Preisangebots kommen wir zu Ihnen, um das Glas f\u00fcr die Herstellung des Bildschirms genau zu fokussieren. F\u00fcr einen Zeitraum von 3-4 Wochen werden wir die Grafiken des von Ihnen gelieferten Motivs spezifizieren oder aus unserer Musterdatenbank ausw\u00e4hlen. Sie werden sich nicht einmal die M\u00fche machen und den gl\u00e4sernen K\u00fcchenbildschirm zu Hause genie\u00dfen.<\/p>\t\t\t\t\t\t\t\t<\/div>\n\t\t\t\t<\/div>\n\t\t\t\t<div class=\"elementor-element elementor-element-773a45a elementor-widget elementor-widget-heading\" data-id=\"773a45a\" data-element_type=\"widget\" data-e-type=\"widget\" data-widget_type=\"heading.default\">\n\t\t\t\t<div class=\"elementor-widget-container\">\n\t\t\t\t\t<h2 class=\"elementor-heading-title elementor-size-default\">Glasschirme<\/h2>\t\t\t\t<\/div>\n\t\t\t\t<\/div>\n\t\t\t\t<div class=\"elementor-element elementor-element-5cc7ed8 elementor-widget elementor-widget-text-editor\" data-id=\"5cc7ed8\" data-element_type=\"widget\" data-e-type=\"widget\" data-widget_type=\"text-editor.default\">\n\t\t\t\t<div class=\"elementor-widget-container\">\n\t\t\t\t\t\t\t\t\t<ul><li>Geh\u00e4rtetes Glas \/ H\u00e4rte<\/li><li>Chemische Resistenz<\/li><li>Wasserbest\u00e4ndigkeit<\/li><li>Einfache Wartung<\/li><li>UV-Stabilit\u00e4t<\/li><li>Ein Hauch von Luxus<\/li><li>Gro\u00dfartiges Design<\/li><\/ul>\t\t\t\t\t\t\t\t<\/div>\n\t\t\t\t<\/div>\n\t\t\t\t<div class=\"elementor-element elementor-element-c95ed9c elementor-widget elementor-widget-video\" data-id=\"c95ed9c\" data-element_type=\"widget\" data-e-type=\"widget\" data-settings=\"{&quot;youtube_url&quot;:&quot;https:\\\/\\\/www.youtube.com\\\/watch?v=3jRdVF2dbx4&quot;,&quot;video_type&quot;:&quot;youtube&quot;,&quot;controls&quot;:&quot;yes&quot;}\" data-widget_type=\"video.default\">\n\t\t\t\t<div class=\"elementor-widget-container\">\n\t\t\t\t\t\t\t<div class=\"elementor-wrapper elementor-open-inline\">\n\t\t\t<div class=\"elementor-video\"><\/div>\t\t<\/div>\n\t\t\t\t\t\t<\/div>\n\t\t\t\t<\/div>\n\t\t\t\t<div class=\"elementor-element elementor-element-dd70513 elementor-widget elementor-widget-heading\" data-id=\"dd70513\" data-element_type=\"widget\" data-e-type=\"widget\" data-widget_type=\"heading.default\">\n\t\t\t\t<div class=\"elementor-widget-container\">\n\t\t\t\t\t<h2 class=\"elementor-heading-title elementor-size-default\">Galerie<\/h2>\t\t\t\t<\/div>\n\t\t\t\t<\/div>\n\t\t\t\t<div class=\"elementor-element elementor-element-1aca6c2 elementor-widget elementor-widget-gallery\" data-id=\"1aca6c2\" data-element_type=\"widget\" data-e-type=\"widget\" data-settings=\"{&quot;columns&quot;:2,&quot;lazyload&quot;:&quot;yes&quot;,&quot;gallery_layout&quot;:&quot;grid&quot;,&quot;columns_tablet&quot;:2,&quot;columns_mobile&quot;:1,&quot;gap&quot;:{&quot;unit&quot;:&quot;px&quot;,&quot;size&quot;:10,&quot;sizes&quot;:[]},&quot;gap_tablet&quot;:{&quot;unit&quot;:&quot;px&quot;,&quot;size&quot;:10,&quot;sizes&quot;:[]},&quot;gap_mobile&quot;:{&quot;unit&quot;:&quot;px&quot;,&quot;size&quot;:10,&quot;sizes&quot;:[]},&quot;link_to&quot;:&quot;file&quot;,&quot;aspect_ratio&quot;:&quot;3:2&quot;,&quot;overlay_background&quot;:&quot;yes&quot;,&quot;content_hover_animation&quot;:&quot;fade-in&quot;}\" data-widget_type=\"gallery.default\">\n\t\t\t\t<div class=\"elementor-widget-container\">\n\t\t\t\t\t\t\t<div class=\"elementor-gallery__container\">\n\t\t\t\t\t\t\t<a class=\"e-gallery-item elementor-gallery-item elementor-animated-content\" href=\"https:\/\/www.bamida.sk\/wp-content\/uploads\/2021\/06\/5da602ce343c3770687576.jpg\" data-elementor-open-lightbox=\"yes\" data-elementor-lightbox-slideshow=\"1aca6c2\" data-elementor-lightbox-title=\"5da602ce343c3770687576\" data-e-action-hash=\"#elementor-action%3Aaction%3Dlightbox%26settings%3DeyJpZCI6Mzc5LCJ1cmwiOiJodHRwczpcL1wvd3d3LmJhbWlkYS5za1wvd3AtY29udGVudFwvdXBsb2Fkc1wvMjAyMVwvMDZcLzVkYTYwMmNlMzQzYzM3NzA2ODc1NzYuanBnIiwic2xpZGVzaG93IjoiMWFjYTZjMiJ9\">\n\t\t\t\t\t<div class=\"e-gallery-image elementor-gallery-item__image\" data-thumbnail=\"https:\/\/www.bamida.sk\/wp-content\/uploads\/2021\/06\/5da602ce343c3770687576.jpg\" data-width=\"1920\" data-height=\"1080\" aria-label=\"\" role=\"img\" ><\/div>\n\t\t\t\t\t\t\t\t\t\t\t<div class=\"elementor-gallery-item__overlay\"><\/div>\n\t\t\t\t\t\t\t\t\t\t\t\t\t\t<\/a>\n\t\t\t\t\t\t\t<a class=\"e-gallery-item elementor-gallery-item elementor-animated-content\" href=\"https:\/\/www.bamida.sk\/wp-content\/uploads\/2021\/06\/5da603afaf431410277273.jpg\" data-elementor-open-lightbox=\"yes\" data-elementor-lightbox-slideshow=\"1aca6c2\" data-elementor-lightbox-title=\"5da603afaf431410277273\" data-e-action-hash=\"#elementor-action%3Aaction%3Dlightbox%26settings%3DeyJpZCI6MzgwLCJ1cmwiOiJodHRwczpcL1wvd3d3LmJhbWlkYS5za1wvd3AtY29udGVudFwvdXBsb2Fkc1wvMjAyMVwvMDZcLzVkYTYwM2FmYWY0MzE0MTAyNzcyNzMuanBnIiwic2xpZGVzaG93IjoiMWFjYTZjMiJ9\">\n\t\t\t\t\t<div class=\"e-gallery-image elementor-gallery-item__image\" data-thumbnail=\"https:\/\/www.bamida.sk\/wp-content\/uploads\/2021\/06\/5da603afaf431410277273.jpg\" data-width=\"1890\" data-height=\"1417\" aria-label=\"\" role=\"img\" ><\/div>\n\t\t\t\t\t\t\t\t\t\t\t<div class=\"elementor-gallery-item__overlay\"><\/div>\n\t\t\t\t\t\t\t\t\t\t\t\t\t\t<\/a>\n\t\t\t\t\t\t\t<a class=\"e-gallery-item elementor-gallery-item elementor-animated-content\" href=\"https:\/\/www.bamida.sk\/wp-content\/uploads\/2021\/06\/5da603afbc7d5901145234.jpg\" data-elementor-open-lightbox=\"yes\" data-elementor-lightbox-slideshow=\"1aca6c2\" data-elementor-lightbox-title=\"5da603afbc7d5901145234\" data-e-action-hash=\"#elementor-action%3Aaction%3Dlightbox%26settings%3DeyJpZCI6MzgxLCJ1cmwiOiJodHRwczpcL1wvd3d3LmJhbWlkYS5za1wvd3AtY29udGVudFwvdXBsb2Fkc1wvMjAyMVwvMDZcLzVkYTYwM2FmYmM3ZDU5MDExNDUyMzQuanBnIiwic2xpZGVzaG93IjoiMWFjYTZjMiJ9\">\n\t\t\t\t\t<div class=\"e-gallery-image elementor-gallery-item__image\" data-thumbnail=\"https:\/\/www.bamida.sk\/wp-content\/uploads\/2021\/06\/5da603afbc7d5901145234.jpg\" data-width=\"1920\" data-height=\"1079\" aria-label=\"\" role=\"img\" ><\/div>\n\t\t\t\t\t\t\t\t\t\t\t<div class=\"elementor-gallery-item__overlay\"><\/div>\n\t\t\t\t\t\t\t\t\t\t\t\t\t\t<\/a>\n\t\t\t\t\t\t\t<a class=\"e-gallery-item elementor-gallery-item elementor-animated-content\" href=\"https:\/\/www.bamida.sk\/wp-content\/uploads\/2021\/06\/5da603b0482bf296123676.jpg\" data-elementor-open-lightbox=\"yes\" data-elementor-lightbox-slideshow=\"1aca6c2\" data-elementor-lightbox-title=\"5da603b0482bf296123676\" data-e-action-hash=\"#elementor-action%3Aaction%3Dlightbox%26settings%3DeyJpZCI6MzgyLCJ1cmwiOiJodHRwczpcL1wvd3d3LmJhbWlkYS5za1wvd3AtY29udGVudFwvdXBsb2Fkc1wvMjAyMVwvMDZcLzVkYTYwM2IwNDgyYmYyOTYxMjM2NzYuanBnIiwic2xpZGVzaG93IjoiMWFjYTZjMiJ9\">\n\t\t\t\t\t<div class=\"e-gallery-image elementor-gallery-item__image\" data-thumbnail=\"https:\/\/www.bamida.sk\/wp-content\/uploads\/2021\/06\/5da603b0482bf296123676.jpg\" data-width=\"1920\" data-height=\"1275\" aria-label=\"\" role=\"img\" ><\/div>\n\t\t\t\t\t\t\t\t\t\t\t<div class=\"elementor-gallery-item__overlay\"><\/div>\n\t\t\t\t\t\t\t\t\t\t\t\t\t\t<\/a>\n\t\t\t\t\t\t\t<a class=\"e-gallery-item elementor-gallery-item elementor-animated-content\" href=\"https:\/\/www.bamida.sk\/wp-content\/uploads\/2021\/06\/5da603b051176938956237.jpg\" data-elementor-open-lightbox=\"yes\" data-elementor-lightbox-slideshow=\"1aca6c2\" data-elementor-lightbox-title=\"5da603b051176938956237\" data-e-action-hash=\"#elementor-action%3Aaction%3Dlightbox%26settings%3DeyJpZCI6MzgzLCJ1cmwiOiJodHRwczpcL1wvd3d3LmJhbWlkYS5za1wvd3AtY29udGVudFwvdXBsb2Fkc1wvMjAyMVwvMDZcLzVkYTYwM2IwNTExNzY5Mzg5NTYyMzcuanBnIiwic2xpZGVzaG93IjoiMWFjYTZjMiJ9\">\n\t\t\t\t\t<div class=\"e-gallery-image elementor-gallery-item__image\" data-thumbnail=\"https:\/\/www.bamida.sk\/wp-content\/uploads\/2021\/06\/5da603b051176938956237.jpg\" data-width=\"1920\" data-height=\"1280\" aria-label=\"\" role=\"img\" ><\/div>\n\t\t\t\t\t\t\t\t\t\t\t<div class=\"elementor-gallery-item__overlay\"><\/div>\n\t\t\t\t\t\t\t\t\t\t\t\t\t\t<\/a>\n\t\t\t\t\t<\/div>\n\t\t\t\t\t<\/div>\n\t\t\t\t<\/div>\n\t\t\t\t\t<\/div>\n\t\t<\/div>\n\t\t\t\t\t<\/div>\n\t\t<\/section>\n\t\t\t\t<\/div>","protected":false},"excerpt":{"rendered":"<p>Sklenen\u00e9 z\u00e1steny Sklenen\u00e9 z\u00e1steny s\u00fa modern\u00fdm a praktick\u00fdm prvkom v kuchyni. Na rozdiel od klasick\u00fdch materi\u00e1lov ako s\u00fa obklady a keramika, maj\u00fa kuchynsk\u00e9 z\u00e1steny obrovsk\u00e9 v\u00fdhody. Bez\u0161p\u00e1rov\u00e9 prevedenie s n\u00e1dychom luxusu. \u00a0Materi\u00e1l je tepelne upraven\u00fd s hr\u00fabkou 6mm a mechanicky odoln\u00fd vo\u010di po\u0161kodeniu, to je u n\u00e1s garanciou. Sklo pou\u017e\u00edvame Optiwhite \/ ultra \u010d\u00edre \/ [&hellip;]<\/p>\n","protected":false},"author":1,"featured_media":0,"parent":0,"menu_order":0,"comment_status":"closed","ping_status":"closed","template":"","meta":{"inline_featured_image":false,"site-sidebar-layout":"no-sidebar","site-content-layout":"page-builder","ast-site-content-layout":"default","site-content-style":"default","site-sidebar-style":"default","ast-global-header-display":"","ast-banner-title-visibility":"","ast-main-header-display":"","ast-hfb-above-header-display":"","ast-hfb-below-header-display":"","ast-hfb-mobile-header-display":"","site-post-title":"disabled","ast-breadcrumbs-content":"","ast-featured-img":"disabled","footer-sml-layout":"","ast-disable-related-posts":"","theme-transparent-header-meta":"default","adv-header-id-meta":"","stick-header-meta":"","header-above-stick-meta":"","header-main-stick-meta":"","header-below-stick-meta":"","astra-migrate-meta-layouts":"default","ast-page-background-enabled":"default","ast-page-background-meta":{"desktop":{"background-color":"","background-image":"","background-repeat":"repeat","background-position":"center center","background-size":"auto","background-attachment":"scroll","background-type":"","background-media":"","overlay-type":"","overlay-color":"","overlay-opacity":"","overlay-gradient":""},"tablet":{"background-color":"","background-image":"","background-repeat":"repeat","background-position":"center center","background-size":"auto","background-attachment":"scroll","background-type":"","background-media":"","overlay-type":"","overlay-color":"","overlay-opacity":"","overlay-gradient":""},"mobile":{"background-color":"","background-image":"","background-repeat":"repeat","background-position":"center center","background-size":"auto","background-attachment":"scroll","background-type":"","background-media":"","overlay-type":"","overlay-color":"","overlay-opacity":"","overlay-gradient":""}},"ast-content-background-meta":{"desktop":{"background-color":"var(--ast-global-color-5)","background-image":"","background-repeat":"repeat","background-position":"center center","background-size":"auto","background-attachment":"scroll","background-type":"","background-media":"","overlay-type":"","overlay-color":"","overlay-opacity":"","overlay-gradient":""},"tablet":{"background-color":"var(--ast-global-color-5)","background-image":"","background-repeat":"repeat","background-position":"center center","background-size":"auto","background-attachment":"scroll","background-type":"","background-media":"","overlay-type":"","overlay-color":"","overlay-opacity":"","overlay-gradient":""},"mobile":{"background-color":"var(--ast-global-color-5)","background-image":"","background-repeat":"repeat","background-position":"center center","background-size":"auto","background-attachment":"scroll","background-type":"","background-media":"","overlay-type":"","overlay-color":"","overlay-opacity":"","overlay-gradient":""}},"iawp_total_views":361,"footnotes":""},"class_list":["post-377","page","type-page","status-publish","hentry"],"_links":{"self":[{"href":"https:\/\/www.bamida.sk\/de\/wp-json\/wp\/v2\/pages\/377","targetHints":{"allow":["GET"]}}],"collection":[{"href":"https:\/\/www.bamida.sk\/de\/wp-json\/wp\/v2\/pages"}],"about":[{"href":"https:\/\/www.bamida.sk\/de\/wp-json\/wp\/v2\/types\/page"}],"author":[{"embeddable":true,"href":"https:\/\/www.bamida.sk\/de\/wp-json\/wp\/v2\/users\/1"}],"replies":[{"embeddable":true,"href":"https:\/\/www.bamida.sk\/de\/wp-json\/wp\/v2\/comments?post=377"}],"version-history":[{"count":4,"href":"https:\/\/www.bamida.sk\/de\/wp-json\/wp\/v2\/pages\/377\/revisions"}],"predecessor-version":[{"id":386,"href":"https:\/\/www.bamida.sk\/de\/wp-json\/wp\/v2\/pages\/377\/revisions\/386"}],"wp:attachment":[{"href":"https:\/\/www.bamida.sk\/de\/wp-json\/wp\/v2\/media?parent=377"}],"curies":[{"name":"wp","href":"https:\/\/api.w.org\/{rel}","templated":true}]}}