{"id":1197,"date":"2021-08-13T10:50:51","date_gmt":"2021-08-13T08:50:51","guid":{"rendered":"https:\/\/www.bamida.sk\/?page_id=1197"},"modified":"2025-12-03T10:28:57","modified_gmt":"2025-12-03T09:28:57","slug":"ochrana-osobnych-udajov","status":"publish","type":"page","link":"https:\/\/www.bamida.sk\/en\/ochrana-osobnych-udajov\/","title":{"rendered":"Privacy policy"},"content":{"rendered":"<p>Prev\u00e1dzkovate\u013eom osobn\u00fdch \u00fadajov je:<\/p>\n\n\n\n<p>BAMIDA s.r.o.<\/p>\n\n\n\n<p>Ko\u0161ick\u00e1 26, 08001 Pre\u0161ov<\/p>\n\n\n\n<p>I\u010cO: 36777889<br>DI\u010c: 2022392372<br>I\u010c DPH: SK2022392372, pod\u013ea \u00a74,&nbsp;registr\u00e1cia od 1.7.2007<br><\/p>\n\n\n\n<p>Kontakt:&nbsp;<a href=\"mailto:info@bamida.sk\">info@bamida.sk<\/a><br>Tel.:&nbsp;<a href=\"tel:0517765811\">+421 51 \/ 776 58 11<\/a><br>Tel.:&nbsp;<a href=\"tel:+421910944502\">+421 910 944 502<\/a><\/p>\n\n\n\n<p>(\u010falej len \u201eprev\u00e1dzkovate\u013e\u201c)<\/p>\n\n\n\n<p>Prev\u00e1dzkovate\u013e sprac\u00fava osobn\u00e9 \u00fadaje v s\u00falade s nariaden\u00edm Eur\u00f3pskeho parlamentu a Rady (E\u00da) 2016\/679 (GDPR) a z\u00e1konom \u010d. 18\/2018 Z. z.<\/p>\n\n\n\n<h2 class=\"wp-block-heading\"><\/h2>","protected":false},"excerpt":{"rendered":"<p>Prev\u00e1dzkovate\u013eom osobn\u00fdch \u00fadajov je: BAMIDA s.r.o. Ko\u0161ick\u00e1 26, 08001 Pre\u0161ov I\u010cO: 36777889DI\u010c: 2022392372I\u010c DPH: SK2022392372, pod\u013ea \u00a74,&nbsp;registr\u00e1cia od 1.7.2007 Kontakt:&nbsp;info@bamida.skTel.:&nbsp;+421 51 \/ 776 58 11Tel.:&nbsp;+421 910 944 502 (\u010falej len \u201eprev\u00e1dzkovate\u013e\u201c) Prev\u00e1dzkovate\u013e sprac\u00fava osobn\u00e9 \u00fadaje v s\u00falade s nariaden\u00edm Eur\u00f3pskeho parlamentu a Rady (E\u00da) 2016\/679 (GDPR) a z\u00e1konom \u010d. 18\/2018 Z. z.<\/p>","protected":false},"author":1,"featured_media":0,"parent":0,"menu_order":0,"comment_status":"closed","ping_status":"closed","template":"","meta":{"inline_featured_image":false,"site-sidebar-layout":"default","site-content-layout":"default","ast-site-content-layout":"default","site-content-style":"default","site-sidebar-style":"default","ast-global-header-display":"","ast-banner-title-visibility":"","ast-main-header-display":"","ast-hfb-above-header-display":"","ast-hfb-below-header-display":"","ast-hfb-mobile-header-display":"","site-post-title":"","ast-breadcrumbs-content":"","ast-featured-img":"","footer-sml-layout":"","ast-disable-related-posts":"","theme-transparent-header-meta":"default","adv-header-id-meta":"","stick-header-meta":"","header-above-stick-meta":"","header-main-stick-meta":"","header-below-stick-meta":"","astra-migrate-meta-layouts":"set","ast-page-background-enabled":"default","ast-page-background-meta":{"desktop":{"background-color":"","background-image":"","background-repeat":"repeat","background-position":"center center","background-size":"auto","background-attachment":"scroll","background-type":"","background-media":"","overlay-type":"","overlay-color":"","overlay-opacity":"","overlay-gradient":""},"tablet":{"background-color":"","background-image":"","background-repeat":"repeat","background-position":"center center","background-size":"auto","background-attachment":"scroll","background-type":"","background-media":"","overlay-type":"","overlay-color":"","overlay-opacity":"","overlay-gradient":""},"mobile":{"background-color":"","background-image":"","background-repeat":"repeat","background-position":"center center","background-size":"auto","background-attachment":"scroll","background-type":"","background-media":"","overlay-type":"","overlay-color":"","overlay-opacity":"","overlay-gradient":""}},"ast-content-background-meta":{"desktop":{"background-color":"var(--ast-global-color-5)","background-image":"","background-repeat":"repeat","background-position":"center center","background-size":"auto","background-attachment":"scroll","background-type":"","background-media":"","overlay-type":"","overlay-color":"","overlay-opacity":"","overlay-gradient":""},"tablet":{"background-color":"var(--ast-global-color-5)","background-image":"","background-repeat":"repeat","background-position":"center center","background-size":"auto","background-attachment":"scroll","background-type":"","background-media":"","overlay-type":"","overlay-color":"","overlay-opacity":"","overlay-gradient":""},"mobile":{"background-color":"var(--ast-global-color-5)","background-image":"","background-repeat":"repeat","background-position":"center center","background-size":"auto","background-attachment":"scroll","background-type":"","background-media":"","overlay-type":"","overlay-color":"","overlay-opacity":"","overlay-gradient":""}},"iawp_total_views":43,"footnotes":""},"class_list":["post-1197","page","type-page","status-publish","hentry"],"_links":{"self":[{"href":"https:\/\/www.bamida.sk\/en\/wp-json\/wp\/v2\/pages\/1197","targetHints":{"allow":["GET"]}}],"collection":[{"href":"https:\/\/www.bamida.sk\/en\/wp-json\/wp\/v2\/pages"}],"about":[{"href":"https:\/\/www.bamida.sk\/en\/wp-json\/wp\/v2\/types\/page"}],"author":[{"embeddable":true,"href":"https:\/\/www.bamida.sk\/en\/wp-json\/wp\/v2\/users\/1"}],"replies":[{"embeddable":true,"href":"https:\/\/www.bamida.sk\/en\/wp-json\/wp\/v2\/comments?post=1197"}],"version-history":[{"count":3,"href":"https:\/\/www.bamida.sk\/en\/wp-json\/wp\/v2\/pages\/1197\/revisions"}],"predecessor-version":[{"id":2314,"href":"https:\/\/www.bamida.sk\/en\/wp-json\/wp\/v2\/pages\/1197\/revisions\/2314"}],"wp:attachment":[{"href":"https:\/\/www.bamida.sk\/en\/wp-json\/wp\/v2\/media?parent=1197"}],"curies":[{"name":"wp","href":"https:\/\/api.w.org\/{rel}","templated":true}]}}