{"id":131,"date":"2021-06-01T17:12:35","date_gmt":"2021-06-01T15:12:35","guid":{"rendered":"https:\/\/www.bamida.sk\/?page_id=131"},"modified":"2025-11-07T10:47:09","modified_gmt":"2025-11-07T09:47:09","slug":"digitalna-tlac","status":"publish","type":"page","link":"https:\/\/www.bamida.sk\/en\/sluzba\/digitalna-tlac\/","title":{"rendered":"Digital Print"},"content":{"rendered":"<div data-elementor-type=\"wp-page\" data-elementor-id=\"131\" class=\"elementor elementor-131\" data-elementor-post-type=\"page\">\n\t\t\t\t\t\t<section class=\"elementor-section elementor-top-section elementor-element elementor-element-b4b48e9 elementor-section-full_width elementor-section-height-default elementor-section-height-default\" data-id=\"b4b48e9\" data-element_type=\"section\" data-e-type=\"section\">\n\t\t\t\t\t\t<div class=\"elementor-container elementor-column-gap-default\">\n\t\t\t\t\t<div class=\"elementor-column elementor-col-100 elementor-top-column elementor-element elementor-element-3d95073\" data-id=\"3d95073\" data-element_type=\"column\" data-e-type=\"column\">\n\t\t\t<div class=\"elementor-widget-wrap elementor-element-populated\">\n\t\t\t\t\t\t<div class=\"elementor-element elementor-element-2e59474 elementor-widget elementor-widget-shortcode\" data-id=\"2e59474\" data-element_type=\"widget\" data-e-type=\"widget\" data-widget_type=\"shortcode.default\">\n\t\t\t\t<div class=\"elementor-widget-container\">\n\t\t\t\t\t\t\t<div class=\"elementor-shortcode\">\t\t<div data-elementor-type=\"section\" data-elementor-id=\"286\" class=\"elementor elementor-286\" data-elementor-post-type=\"elementor_library\">\n\t\t\t\t\t<section class=\"elementor-section elementor-top-section elementor-element elementor-element-06d1374 elementor-section-height-min-height elementor-section-boxed elementor-section-height-default elementor-section-items-middle\" data-id=\"06d1374\" data-element_type=\"section\" data-e-type=\"section\" data-settings=\"{&quot;background_background&quot;:&quot;classic&quot;}\">\n\t\t\t\t\t\t\t<div class=\"elementor-background-overlay\"><\/div>\n\t\t\t\t\t\t\t<div class=\"elementor-container elementor-column-gap-default\">\n\t\t\t\t\t<div class=\"elementor-column elementor-col-100 elementor-top-column elementor-element elementor-element-2310342\" data-id=\"2310342\" data-element_type=\"column\" data-e-type=\"column\">\n\t\t\t<div class=\"elementor-widget-wrap elementor-element-populated\">\n\t\t\t\t\t\t<div class=\"elementor-element elementor-element-735cfe1 elementor-widget-divider--view-line elementor-widget elementor-widget-divider\" data-id=\"735cfe1\" data-element_type=\"widget\" data-e-type=\"widget\" data-widget_type=\"divider.default\">\n\t\t\t\t<div class=\"elementor-widget-container\">\n\t\t\t\t\t\t\t<div class=\"elementor-divider\">\n\t\t\t<span class=\"elementor-divider-separator\">\n\t\t\t\t\t\t<\/span>\n\t\t<\/div>\n\t\t\t\t\t\t<\/div>\n\t\t\t\t<\/div>\n\t\t\t\t\t<\/div>\n\t\t<\/div>\n\t\t\t\t\t<\/div>\n\t\t<\/section>\n\t\t\t\t<\/div>\n\t\t<\/div>\n\t\t\t\t\t\t<\/div>\n\t\t\t\t<\/div>\n\t\t\t\t\t<\/div>\n\t\t<\/div>\n\t\t\t\t\t<\/div>\n\t\t<\/section>\n\t\t\t\t<section class=\"elementor-section elementor-top-section elementor-element elementor-element-48cbfaf elementor-section-boxed elementor-section-height-default elementor-section-height-default\" data-id=\"48cbfaf\" data-element_type=\"section\" data-e-type=\"section\">\n\t\t\t\t\t\t<div class=\"elementor-container elementor-column-gap-default\">\n\t\t\t\t\t<div class=\"elementor-column elementor-col-100 elementor-top-column elementor-element elementor-element-a7e235b\" data-id=\"a7e235b\" data-element_type=\"column\" data-e-type=\"column\">\n\t\t\t<div class=\"elementor-widget-wrap elementor-element-populated\">\n\t\t\t\t\t\t<div class=\"elementor-element elementor-element-e7b11b0 elementor-widget elementor-widget-heading\" data-id=\"e7b11b0\" data-element_type=\"widget\" data-e-type=\"widget\" data-widget_type=\"heading.default\">\n\t\t\t\t<div class=\"elementor-widget-container\">\n\t\t\t\t\t<h2 class=\"elementor-heading-title elementor-size-default\"><div class=\"elementor-element elementor-element-c363a1d elementor-widget elementor-widget-heading\" data-id=\"c363a1d\" data-element_type=\"widget\" data-widget_type=\"heading.default\" style=\"align-self: auto;flex: 0 1 auto;align-items: normal;flex-flow: row;gap: normal;--widgets-spacing: 20px 20px;--widgets-spacing-row: 20px;--widgets-spacing-column: 20px;--swiper-theme-color: #000;--swiper-navigation-size: 44px;--swiper-pagination-bullet-size: 6px;--swiper-pagination-bullet-horizontal-gap: 6px;width: 1120px;margin-bottom: 20px;font-size: 15px;font-weight: 500\"><div class=\"elementor-widget-container\"><h2 class=\"elementor-heading-title elementor-size-default\">UV LED tla\u010d - prec\u00edznos\u0165, r\u00fdchlos\u0165 a dokonal\u00fd v\u00fdsledok<span style=\"font-size: 2em;font-style: inherit\"><\/span><\/h2><\/div><\/div><\/h2>\t\t\t\t<\/div>\n\t\t\t\t<\/div>\n\t\t\t\t<div class=\"elementor-element elementor-element-4ceaafe elementor-widget elementor-widget-text-editor\" data-id=\"4ceaafe\" data-element_type=\"widget\" data-e-type=\"widget\" data-widget_type=\"text-editor.default\">\n\t\t\t\t<div class=\"elementor-widget-container\">\n\t\t\t\t\t\t\t\t\t<p data-start=\"243\" data-end=\"533\">Neradi sa vychva\u013eujeme, no <strong data-start=\"270\" data-end=\"339\">na\u0161e technol\u00f3gie patria medzi absol\u00fatnu \u0161pi\u010dku v oblasti UV tla\u010de<\/strong>. Disponujeme modern\u00fdmi tla\u010diar\u0148ami s <strong data-start=\"377\" data-end=\"419\">vysokokvalitn\u00fdm rozl\u00ed\u0161en\u00edm a\u017e 2160 dpi<\/strong> a <strong data-start=\"422\" data-end=\"462\">maxim\u00e1lnou r\u00fdchlos\u0165ou tla\u010de 206 m\u00b2\/h<\/strong>, \u010do n\u00e1m umo\u017e\u0148uje sp\u00e1ja\u0165 <strong data-start=\"487\" data-end=\"530\">dokonal\u00fd detail s vysokou produktivitou<\/strong>.<\/p><p data-start=\"535\" data-end=\"774\">Pri <strong data-start=\"539\" data-end=\"551\">UV tla\u010di<\/strong> ocen\u00edte nielen <strong data-start=\"567\" data-end=\"619\">intenz\u00edvne farby a ich odolnos\u0165 vo\u010di vyblednutiu<\/strong>, ale aj <strong data-start=\"628\" data-end=\"652\">expresn\u00e9 vyhotovenie<\/strong> \u2013 v\u010faka UV \u017eiareniu s\u00fa potla\u010den\u00e9 materi\u00e1ly <strong data-start=\"696\" data-end=\"725\">okam\u017eite such\u00e9 a fixovan\u00e9<\/strong>, pripraven\u00e9 na \u010fal\u0161ie spracovanie \u010di pou\u017eitie.<\/p><p>\u00a0<\/p><p data-start=\"776\" data-end=\"1007\"><strong data-start=\"776\" data-end=\"868\">Kvalita, trv\u00e1cnos\u0165, vysok\u00e9 rozl\u00ed\u0161enie, univerz\u00e1lnos\u0165 materi\u00e1lov, r\u00fdchlos\u0165 a ekologickos\u0165<\/strong> \u2013 to s\u00fa hodnoty, ktor\u00e9 definuj\u00fa na\u0161u pr\u00e1cu.<br data-start=\"912\" data-end=\"915\" \/>Zverte svoju potla\u010d <strong data-start=\"935\" data-end=\"967\">odborn\u00edkom na UV technol\u00f3giu<\/strong> a presved\u010dte sa, \u017ee detail rozhoduje.<\/p>\t\t\t\t\t\t\t\t<\/div>\n\t\t\t\t<\/div>\n\t\t\t\t<div class=\"elementor-element elementor-element-804b91e elementor-widget elementor-widget-heading\" data-id=\"804b91e\" data-element_type=\"widget\" data-e-type=\"widget\" data-widget_type=\"heading.default\">\n\t\t\t\t<div class=\"elementor-widget-container\">\n\t\t\t\t\t<h2 class=\"elementor-heading-title elementor-size-default\">Gallery<\/h2>\t\t\t\t<\/div>\n\t\t\t\t<\/div>\n\t\t\t\t<div class=\"elementor-element elementor-element-29cc166 elementor-widget elementor-widget-gallery\" data-id=\"29cc166\" data-element_type=\"widget\" data-e-type=\"widget\" data-settings=\"{&quot;columns&quot;:2,&quot;lazyload&quot;:&quot;yes&quot;,&quot;gallery_layout&quot;:&quot;grid&quot;,&quot;columns_tablet&quot;:2,&quot;columns_mobile&quot;:1,&quot;gap&quot;:{&quot;unit&quot;:&quot;px&quot;,&quot;size&quot;:10,&quot;sizes&quot;:[]},&quot;gap_tablet&quot;:{&quot;unit&quot;:&quot;px&quot;,&quot;size&quot;:10,&quot;sizes&quot;:[]},&quot;gap_mobile&quot;:{&quot;unit&quot;:&quot;px&quot;,&quot;size&quot;:10,&quot;sizes&quot;:[]},&quot;link_to&quot;:&quot;file&quot;,&quot;aspect_ratio&quot;:&quot;3:2&quot;,&quot;overlay_background&quot;:&quot;yes&quot;,&quot;content_hover_animation&quot;:&quot;fade-in&quot;}\" data-widget_type=\"gallery.default\">\n\t\t\t\t<div class=\"elementor-widget-container\">\n\t\t\t\t\t\t\t<div class=\"elementor-gallery__container\">\n\t\t\t\t\t\t\t<a class=\"e-gallery-item elementor-gallery-item elementor-animated-content\" href=\"https:\/\/www.bamida.sk\/wp-content\/uploads\/2025\/11\/IMG_0282-scaled.jpg\" data-elementor-open-lightbox=\"yes\" data-elementor-lightbox-slideshow=\"29cc166\" data-elementor-lightbox-title=\"IMG_0282\" data-e-action-hash=\"#elementor-action%3Aaction%3Dlightbox%26settings%3DeyJpZCI6MjE0NywidXJsIjoiaHR0cHM6XC9cL3d3dy5iYW1pZGEuc2tcL3dwLWNvbnRlbnRcL3VwbG9hZHNcLzIwMjVcLzExXC9JTUdfMDI4Mi1zY2FsZWQuanBnIiwic2xpZGVzaG93IjoiMjljYzE2NiJ9\">\n\t\t\t\t\t<div class=\"e-gallery-image elementor-gallery-item__image\" data-thumbnail=\"https:\/\/www.bamida.sk\/wp-content\/uploads\/2025\/11\/IMG_0282-scaled.jpg\" data-width=\"2560\" data-height=\"1920\" aria-label=\"\" role=\"img\" ><\/div>\n\t\t\t\t\t\t\t\t\t\t\t<div class=\"elementor-gallery-item__overlay\"><\/div>\n\t\t\t\t\t\t\t\t\t\t\t\t\t\t<\/a>\n\t\t\t\t\t\t\t<a class=\"e-gallery-item elementor-gallery-item elementor-animated-content\" href=\"https:\/\/www.bamida.sk\/wp-content\/uploads\/2021\/07\/20190114_160807-min-scaled.jpg\" data-elementor-open-lightbox=\"yes\" data-elementor-lightbox-slideshow=\"29cc166\" data-elementor-lightbox-title=\"20190114_160807-min\" data-e-action-hash=\"#elementor-action%3Aaction%3Dlightbox%26settings%3DeyJpZCI6MTAyOCwidXJsIjoiaHR0cHM6XC9cL3d3dy5iYW1pZGEuc2tcL3dwLWNvbnRlbnRcL3VwbG9hZHNcLzIwMjFcLzA3XC8yMDE5MDExNF8xNjA4MDctbWluLXNjYWxlZC5qcGciLCJzbGlkZXNob3ciOiIyOWNjMTY2In0%3D\">\n\t\t\t\t\t<div class=\"e-gallery-image elementor-gallery-item__image\" data-thumbnail=\"https:\/\/www.bamida.sk\/wp-content\/uploads\/2021\/07\/20190114_160807-min-scaled.jpg\" data-width=\"2560\" data-height=\"1440\" aria-label=\"\" role=\"img\" ><\/div>\n\t\t\t\t\t\t\t\t\t\t\t<div class=\"elementor-gallery-item__overlay\"><\/div>\n\t\t\t\t\t\t\t\t\t\t\t\t\t\t<\/a>\n\t\t\t\t\t\t\t<a class=\"e-gallery-item elementor-gallery-item elementor-animated-content\" href=\"https:\/\/www.bamida.sk\/wp-content\/uploads\/2025\/05\/274790536_700694954635998_1726337643973044783_n.jpg\" data-elementor-open-lightbox=\"yes\" data-elementor-lightbox-slideshow=\"29cc166\" data-elementor-lightbox-title=\"274790536_700694954635998_1726337643973044783_n\" data-e-action-hash=\"#elementor-action%3Aaction%3Dlightbox%26settings%3DeyJpZCI6MjA3OSwidXJsIjoiaHR0cHM6XC9cL3d3dy5iYW1pZGEuc2tcL3dwLWNvbnRlbnRcL3VwbG9hZHNcLzIwMjVcLzA1XC8yNzQ3OTA1MzZfNzAwNjk0OTU0NjM1OTk4XzE3MjYzMzc2NDM5NzMwNDQ3ODNfbi5qcGciLCJzbGlkZXNob3ciOiIyOWNjMTY2In0%3D\">\n\t\t\t\t\t<div class=\"e-gallery-image elementor-gallery-item__image\" data-thumbnail=\"https:\/\/www.bamida.sk\/wp-content\/uploads\/2025\/05\/274790536_700694954635998_1726337643973044783_n.jpg\" data-width=\"1440\" data-height=\"1080\" aria-label=\"\" role=\"img\" ><\/div>\n\t\t\t\t\t\t\t\t\t\t\t<div class=\"elementor-gallery-item__overlay\"><\/div>\n\t\t\t\t\t\t\t\t\t\t\t\t\t\t<\/a>\n\t\t\t\t\t\t\t<a class=\"e-gallery-item elementor-gallery-item elementor-animated-content\" href=\"https:\/\/www.bamida.sk\/wp-content\/uploads\/2025\/05\/IMG_20190724_132937-scaled.jpg\" data-elementor-open-lightbox=\"yes\" data-elementor-lightbox-slideshow=\"29cc166\" data-elementor-lightbox-title=\"IMG_20190724_132937\" data-e-action-hash=\"#elementor-action%3Aaction%3Dlightbox%26settings%3DeyJpZCI6MjA4MSwidXJsIjoiaHR0cHM6XC9cL3d3dy5iYW1pZGEuc2tcL3dwLWNvbnRlbnRcL3VwbG9hZHNcLzIwMjVcLzA1XC9JTUdfMjAxOTA3MjRfMTMyOTM3LXNjYWxlZC5qcGciLCJzbGlkZXNob3ciOiIyOWNjMTY2In0%3D\">\n\t\t\t\t\t<div class=\"e-gallery-image elementor-gallery-item__image\" data-thumbnail=\"https:\/\/www.bamida.sk\/wp-content\/uploads\/2025\/05\/IMG_20190724_132937-scaled.jpg\" data-width=\"1920\" data-height=\"2560\" aria-label=\"\" role=\"img\" ><\/div>\n\t\t\t\t\t\t\t\t\t\t\t<div class=\"elementor-gallery-item__overlay\"><\/div>\n\t\t\t\t\t\t\t\t\t\t\t\t\t\t<\/a>\n\t\t\t\t\t<\/div>\n\t\t\t\t\t<\/div>\n\t\t\t\t<\/div>\n\t\t\t\t<div class=\"elementor-element elementor-element-e421667 elementor-widget elementor-widget-spacer\" data-id=\"e421667\" data-element_type=\"widget\" data-e-type=\"widget\" data-widget_type=\"spacer.default\">\n\t\t\t\t<div class=\"elementor-widget-container\">\n\t\t\t\t\t\t\t<div class=\"elementor-spacer\">\n\t\t\t<div class=\"elementor-spacer-inner\"><\/div>\n\t\t<\/div>\n\t\t\t\t\t\t<\/div>\n\t\t\t\t<\/div>\n\t\t\t\t<div class=\"elementor-element elementor-element-0f20dfd elementor-widget elementor-widget-heading\" data-id=\"0f20dfd\" data-element_type=\"widget\" data-e-type=\"widget\" data-widget_type=\"heading.default\">\n\t\t\t\t<div class=\"elementor-widget-container\">\n\t\t\t\t\t<h2 class=\"elementor-heading-title elementor-size-default\">Products<\/h2>\t\t\t\t<\/div>\n\t\t\t\t<\/div>\n\t\t\t\t<section class=\"elementor-section elementor-inner-section elementor-element elementor-element-0eaa315 elementor-section-boxed elementor-section-height-default elementor-section-height-default\" data-id=\"0eaa315\" data-element_type=\"section\" data-e-type=\"section\">\n\t\t\t\t\t\t<div class=\"elementor-container elementor-column-gap-default\">\n\t\t\t\t\t<div class=\"elementor-column elementor-col-50 elementor-inner-column elementor-element elementor-element-f594891\" data-id=\"f594891\" data-element_type=\"column\" data-e-type=\"column\">\n\t\t\t<div class=\"elementor-widget-wrap elementor-element-populated\">\n\t\t\t\t\t\t<div class=\"elementor-element elementor-element-4cf07a4 elementor-cta--skin-cover elementor-animated-content elementor-bg-transform elementor-bg-transform-zoom-in elementor-widget elementor-widget-call-to-action\" data-id=\"4cf07a4\" data-element_type=\"widget\" data-e-type=\"widget\" data-widget_type=\"call-to-action.default\">\n\t\t\t\t<div class=\"elementor-widget-container\">\n\t\t\t\t\t\t\t<a class=\"elementor-cta\" href=\"https:\/\/www.bamida.sk\/en\/banery-a-sietoviny-s-uv-tlacou\/\">\n\t\t\t\t\t<div class=\"elementor-cta__bg-wrapper\">\n\t\t\t\t<div class=\"elementor-cta__bg elementor-bg\" style=\"background-image: url(https:\/\/www.bamida.sk\/wp-content\/uploads\/2021\/06\/5da485ab0c703331809280.jpg);\" role=\"img\" aria-label=\"5da485ab0c703331809280\"><\/div>\n\t\t\t\t<div class=\"elementor-cta__bg-overlay\"><\/div>\n\t\t\t<\/div>\n\t\t\t\t\t\t\t<div class=\"elementor-cta__content\">\n\t\t\t\t\n\t\t\t\t\t\t\t\t\t<h2 class=\"elementor-cta__title elementor-cta__content-item elementor-content-item elementor-animated-item--grow\">\n\t\t\t\t\t\tBanners and nets with UV printing\t\t\t\t\t<\/h2>\n\t\t\t\t\n\t\t\t\t\t\t\t\t\t<div class=\"elementor-cta__description elementor-cta__content-item elementor-content-item elementor-animated-item--grow\">\n\t\t\t\t\t\tBanners with UV printing from us contain long-term durability, UV stability and perfect strength. The banner is a durable PVC material that is easy to change an...\n\t\t\t\t\t<\/div>\n\t\t\t\t\n\t\t\t\t\t\t\t\t\t<div class=\"elementor-cta__button-wrapper elementor-cta__content-item elementor-content-item elementor-animated-item--grow\">\n\t\t\t\t\t<span class=\"elementor-cta__button elementor-button elementor-size-\">\n\t\t\t\t\t\tMore info\t\t\t\t\t<\/span>\n\t\t\t\t\t<\/div>\n\t\t\t\t\t\t\t<\/div>\n\t\t\t\t\t\t<\/a>\n\t\t\t\t\t\t<\/div>\n\t\t\t\t<\/div>\n\t\t\t\t\t<\/div>\n\t\t<\/div>\n\t\t\t\t<div class=\"elementor-column elementor-col-50 elementor-inner-column elementor-element elementor-element-3234fc8\" data-id=\"3234fc8\" data-element_type=\"column\" data-e-type=\"column\">\n\t\t\t<div class=\"elementor-widget-wrap elementor-element-populated\">\n\t\t\t\t\t\t<div class=\"elementor-element elementor-element-6c66043 elementor-cta--skin-cover elementor-animated-content elementor-bg-transform elementor-bg-transform-zoom-in elementor-widget elementor-widget-call-to-action\" data-id=\"6c66043\" data-element_type=\"widget\" data-e-type=\"widget\" data-widget_type=\"call-to-action.default\">\n\t\t\t\t<div class=\"elementor-widget-container\">\n\t\t\t\t\t\t\t<a class=\"elementor-cta\" href=\"https:\/\/www.bamida.sk\/en\/samolepiace-folie\/\">\n\t\t\t\t\t<div class=\"elementor-cta__bg-wrapper\">\n\t\t\t\t<div class=\"elementor-cta__bg elementor-bg\" style=\"background-image: url(https:\/\/www.bamida.sk\/wp-content\/uploads\/2021\/06\/thumb__300_200_0_0_crop.jpeg);\" role=\"img\" aria-label=\"thumb__300_200_0_0_crop\"><\/div>\n\t\t\t\t<div class=\"elementor-cta__bg-overlay\"><\/div>\n\t\t\t<\/div>\n\t\t\t\t\t\t\t<div class=\"elementor-cta__content\">\n\t\t\t\t\n\t\t\t\t\t\t\t\t\t<h2 class=\"elementor-cta__title elementor-cta__content-item elementor-content-item elementor-animated-item--grow\">\n\t\t\t\t\t\tSelf-adhesive foils\t\t\t\t\t<\/h2>\n\t\t\t\t\n\t\t\t\t\t\t\t\t\t<div class=\"elementor-cta__description elementor-cta__content-item elementor-content-item elementor-animated-item--grow\">\n\t\t\t\t\t\tWe glue: trucks, buses, caravans, vans, personal and company vehicles, trucks, billboards, information signs, windows, shop windows, traffic signs, ships, boats...\t\t\t\t\t<\/div>\n\t\t\t\t\n\t\t\t\t\t\t\t\t\t<div class=\"elementor-cta__button-wrapper elementor-cta__content-item elementor-content-item elementor-animated-item--grow\">\n\t\t\t\t\t<span class=\"elementor-cta__button elementor-button elementor-size-\">\n\t\t\t\t\t\tMore info\t\t\t\t\t<\/span>\n\t\t\t\t\t<\/div>\n\t\t\t\t\t\t\t<\/div>\n\t\t\t\t\t\t<\/a>\n\t\t\t\t\t\t<\/div>\n\t\t\t\t<\/div>\n\t\t\t\t\t<\/div>\n\t\t<\/div>\n\t\t\t\t\t<\/div>\n\t\t<\/section>\n\t\t\t\t\t<\/div>\n\t\t<\/div>\n\t\t\t\t\t<\/div>\n\t\t<\/section>\n\t\t\t\t<\/div>","protected":false},"excerpt":{"rendered":"<p>UV LED tla\u010d &#8211; prec\u00edznos\u0165, r\u00fdchlos\u0165 a dokonal\u00fd v\u00fdsledok Neradi sa vychva\u013eujeme, no na\u0161e technol\u00f3gie patria medzi absol\u00fatnu \u0161pi\u010dku v oblasti UV tla\u010de. Disponujeme modern\u00fdmi tla\u010diar\u0148ami s vysokokvalitn\u00fdm rozl\u00ed\u0161en\u00edm a\u017e 2160 dpi a maxim\u00e1lnou r\u00fdchlos\u0165ou tla\u010de 206 m\u00b2\/h, \u010do n\u00e1m umo\u017e\u0148uje sp\u00e1ja\u0165 dokonal\u00fd detail s vysokou produktivitou. Pri UV tla\u010di ocen\u00edte nielen intenz\u00edvne farby a [&hellip;]<\/p>\n","protected":false},"author":1,"featured_media":0,"parent":198,"menu_order":0,"comment_status":"closed","ping_status":"closed","template":"","meta":{"inline_featured_image":false,"site-sidebar-layout":"no-sidebar","site-content-layout":"page-builder","ast-site-content-layout":"full-width-container","site-content-style":"unboxed","site-sidebar-style":"unboxed","ast-global-header-display":"","ast-banner-title-visibility":"","ast-main-header-display":"","ast-hfb-above-header-display":"","ast-hfb-below-header-display":"","ast-hfb-mobile-header-display":"","site-post-title":"disabled","ast-breadcrumbs-content":"","ast-featured-img":"disabled","footer-sml-layout":"","ast-disable-related-posts":"","theme-transparent-header-meta":"default","adv-header-id-meta":"","stick-header-meta":"","header-above-stick-meta":"","header-main-stick-meta":"","header-below-stick-meta":"","astra-migrate-meta-layouts":"set","ast-page-background-enabled":"default","ast-page-background-meta":{"desktop":{"background-color":"","background-image":"","background-repeat":"repeat","background-position":"center center","background-size":"auto","background-attachment":"scroll","background-type":"","background-media":"","overlay-type":"","overlay-color":"","overlay-opacity":"","overlay-gradient":""},"tablet":{"background-color":"","background-image":"","background-repeat":"repeat","background-position":"center center","background-size":"auto","background-attachment":"scroll","background-type":"","background-media":"","overlay-type":"","overlay-color":"","overlay-opacity":"","overlay-gradient":""},"mobile":{"background-color":"","background-image":"","background-repeat":"repeat","background-position":"center center","background-size":"auto","background-attachment":"scroll","background-type":"","background-media":"","overlay-type":"","overlay-color":"","overlay-opacity":"","overlay-gradient":""}},"ast-content-background-meta":{"desktop":{"background-color":"var(--ast-global-color-5)","background-image":"","background-repeat":"repeat","background-position":"center center","background-size":"auto","background-attachment":"scroll","background-type":"","background-media":"","overlay-type":"","overlay-color":"","overlay-opacity":"","overlay-gradient":""},"tablet":{"background-color":"var(--ast-global-color-5)","background-image":"","background-repeat":"repeat","background-position":"center center","background-size":"auto","background-attachment":"scroll","background-type":"","background-media":"","overlay-type":"","overlay-color":"","overlay-opacity":"","overlay-gradient":""},"mobile":{"background-color":"var(--ast-global-color-5)","background-image":"","background-repeat":"repeat","background-position":"center center","background-size":"auto","background-attachment":"scroll","background-type":"","background-media":"","overlay-type":"","overlay-color":"","overlay-opacity":"","overlay-gradient":""}},"iawp_total_views":1381,"footnotes":""},"class_list":["post-131","page","type-page","status-publish","hentry"],"_links":{"self":[{"href":"https:\/\/www.bamida.sk\/en\/wp-json\/wp\/v2\/pages\/131","targetHints":{"allow":["GET"]}}],"collection":[{"href":"https:\/\/www.bamida.sk\/en\/wp-json\/wp\/v2\/pages"}],"about":[{"href":"https:\/\/www.bamida.sk\/en\/wp-json\/wp\/v2\/types\/page"}],"author":[{"embeddable":true,"href":"https:\/\/www.bamida.sk\/en\/wp-json\/wp\/v2\/users\/1"}],"replies":[{"embeddable":true,"href":"https:\/\/www.bamida.sk\/en\/wp-json\/wp\/v2\/comments?post=131"}],"version-history":[{"count":32,"href":"https:\/\/www.bamida.sk\/en\/wp-json\/wp\/v2\/pages\/131\/revisions"}],"predecessor-version":[{"id":2150,"href":"https:\/\/www.bamida.sk\/en\/wp-json\/wp\/v2\/pages\/131\/revisions\/2150"}],"up":[{"embeddable":true,"href":"https:\/\/www.bamida.sk\/en\/wp-json\/wp\/v2\/pages\/198"}],"wp:attachment":[{"href":"https:\/\/www.bamida.sk\/en\/wp-json\/wp\/v2\/media?parent=131"}],"curies":[{"name":"wp","href":"https:\/\/api.w.org\/{rel}","templated":true}]}}